{"id":1260,"date":"2017-10-27T13:35:37","date_gmt":"2017-10-27T11:35:37","guid":{"rendered":"https:\/\/www.provocateur-hotel.com\/?page_id=1260"},"modified":"2026-01-12T11:54:37","modified_gmt":"2026-01-12T10:54:37","slug":"events","status":"publish","type":"page","link":"https:\/\/www.provocateur-hotel.com\/de\/events\/","title":{"rendered":"Meeting &#038; Event"},"content":{"rendered":"<div class=\"wpb-content-wrapper\"><p>[vc_row][vc_column][vc_column_text css=&#8220;&#8220;]<\/p>\n<h2 style=\"text-align: center;\"><i>Meeting &amp;<\/i><strong> Event<\/strong><\/h2>\n<p style=\"text-align: center;\"><span data-sheets-root=\"1\">Im Provocateur Berlin wird jedes Treffen zu einem unvergesslichen Erlebnis.<br \/>\nW\u00e4hle aus verschiedenen vielseitigen R\u00e4umen \u2013 ein gesetztes Dinner im <a href=\"https:\/\/www.provocateur-hotel.com\/de\/essen-und-trinken\/\">Salon Provocateur<\/a>, Cocktails an der Bar, ein gem\u00fctliches Get-together in unserer <a href=\"https:\/\/www.provocateur-hotel.com\/de\/rooms\/#1513260909453-6c0c93fc-3dd2\">Terrace Suite<\/a> \u00fcber den D\u00e4chern Berlins oder eine exklusive Vernissage in <a href=\"https:\/\/www.provocateur-hotel.com\/de\/gallery\/la-cave\/\">La Cave<\/a>.<br \/>\nF\u00fcr etwas Gr\u00f6\u00dferes lassen sich Bar &amp; Salon Provocateur auch gemeinsam buchen \u2013 ihre verf\u00fchrerische Atmosph\u00e4re verschmilzt dann zu einer einzigartigen Feier. Jeder Raum hat seinen eigenen Charakter, doch zusammen entsteht etwas wahrhaft Filmreifes.<\/span><\/p>\n<p>[\/vc_column_text][vc_gallery type=&#8220;flexslider_slide&#8220; interval=&#8220;5&#8243; images=&#8220;1272,1730,2337,1274,1278,2167,2339&#8243; img_size=&#8220;full&#8220; onclick=&#8220;&#8220; css=&#8220;&#8220;][vc_column_text css=&#8220;&#8220;]<\/p>\n<h3 style=\"text-align: center;\"><em>Der Geschmack von <\/em><strong>etwas Neuem<\/strong><\/h3>\n<h4><\/h4>\n<h4 style=\"text-align: center;\"><a href=\"https:\/\/www.provocateur-hotel.com\/de\/essen-und-trinken\/\">Bar &amp; Salon<\/a><\/h4>\n<p style=\"text-align: center;\">Das pulsierende Herz des Hotels. Eine goldene Lounge voller extravaganter Details \u2013 roter Samt, schwarze Marmortische, Gold und Messing.<br \/>\nHinter der Bar erwartet dich der Salon Provocateur \u2013 der perfekte Ort f\u00fcr genussvolle Abende: gemeinsame Gerichte, ged\u00e4mpftes Licht und Geschichten, die bis zum Morgengrauen dauern.<\/p>\n<p style=\"text-align: center;\"><a href=\"https:\/\/my.matterport.com\/show\/?m=EP9Yfq5ErjJ\">3D Tour<\/a><\/p>\n<p>&nbsp;<\/p>\n<h4 style=\"text-align: center;\"><a href=\"https:\/\/www.provocateur-hotel.com\/de\/rooms\/#1513260909453-6c0c93fc-3dd2\">Terrassen Suite<\/a><\/h4>\n<p style=\"text-align: center;\">Hoch \u00fcber den D\u00e4chern Berlins bietet unsere Terrace Suite den idealen Ort f\u00fcr ein intimes Event, bei dem du dich rundum wohlf\u00fchlen kannst. Ob Get-together, Bridal Shower, Geburtstag oder Hochzeit \u2013 mach dein privates Event zu einem unvergesslichen Erlebnis.<\/p>\n<p>&nbsp;<\/p>\n<h4 style=\"text-align: center;\">La Cave<\/h4>\n<p style=\"text-align: center;\">Die Eventlocation \u201eLa Cave\u201c befindet sich im Untergeschoss des Provocateur Berlin. Der Raum ist multifunktional und eignet sich f\u00fcr verschiedenste Arten von Veranstaltungen. Die voll ausgestattete Bar, Lichttechnik, Sitzbereiche und weitere Ausstattung wie Leinwand oder Beamer erm\u00f6glichen es uns, deine Visionen perfekt umzusetzen.<\/p>\n<p>&nbsp;<\/p>\n<p style=\"text-align: center;\">3D Tour <a href=\"https:\/\/my.matterport.com\/show\/?m=i67FiztAJY2\">Seated<\/a> |\u00a0<a href=\"https:\/\/my.matterport.com\/show\/?m=DoUMQSxxRgx\">Cocktail<\/a><\/p>\n<p>[\/vc_column_text][vc_column_text css=&#8220;&#8220;]<\/p>\n<p style=\"text-align: center;\">Mehr Informationen zu den Eventlocations findest du in unserer.<\/p>\n<p style=\"text-align: center;\"><a class=\"prov-button\" href=\"https:\/\/www.provocateur-hotel.com\/wp-content\/uploads\/2026\/01\/Provocateur-Events-Broschure.pdf\" target=\"_blank\" rel=\"noopener noreferrer\">EVENT BROSCH\u00dcRE<\/a><\/p>\n<p>[\/vc_column_text][\/vc_column][\/vc_row][vc_row disable_element=&#8220;yes&#8220;][vc_column][vc_column_text css=&#8220;&#8220;]<\/p>\n<h2 style=\"text-align: center;\"><i>Meeting &amp;<\/i><strong> Event<\/strong><\/h2>\n<p style=\"text-align: center;\">Im Provocateur Berlin wird aus jedem Event ein echtes Highlight. Ob stilvolles Dinner im <a href=\"https:\/\/www.provocateur-hotel.com\/de\/restaurant\/\">Golden Phoenix Restaurant<\/a>, Signature-Drinks an der <a href=\"https:\/\/www.provocateur-hotel.com\/de\/provocateur-bar\/\">Bar<\/a>, private Vibes in der <a href=\"https:\/\/www.provocateur-hotel.com\/de\/rooms\/#1513260909453-6c0c93fc-3dd2\">Terrassen Suite<\/a> mit Blick \u00fcber Berlin oder eine edgy Vernissage in <a href=\"https:\/\/www.provocateur-hotel.com\/de\/gallery\/la-cave\/\">La Cave<\/a>\u00a0\u2013 unsere Spaces haben Charakter. Jeder Ort erz\u00e4hlt seine eigene Story und machen Sie Ihr Event zu etwas besonderem.<\/p>\n<p>[\/vc_column_text][vc_gallery type=&#8220;flexslider_slide&#8220; interval=&#8220;5&#8243; images=&#8220;1272,1730,2337,1274,1278,5424,2167,2339&#8243; img_size=&#8220;full&#8220; onclick=&#8220;&#8220; css=&#8220;&#8220;][vc_column_text css=&#8220;&#8220;]<\/p>\n<h3 style=\"text-align: center;\"><em>Der Geschmack von <\/em><strong>etwas Neuem<\/strong><\/h3>\n<h4 style=\"text-align: center;\"><\/h4>\n<h4 style=\"text-align: center;\"><a href=\"https:\/\/www.provocateur-hotel.com\/de\/restaurant\/\">Golden Phoenix<\/a><\/h4>\n<p style=\"text-align: center;\">The Duc Ngo begeistert die G\u00e4ste mit franco-chinesischen Kreationen, die franz\u00f6sische Finesse mit den reichen, komplexen Aromen Ostasiens vereinen. Das Restaurant sticht durch seinen verf\u00fchrerischen Stil, die offene K\u00fcche und die angrenzende Bar hervor und kann auch f\u00fcr private Events gebucht werden.<\/p>\n<p style=\"text-align: center;\">3D Tour <a href=\"https:\/\/my.matterport.com\/show\/?m=X8ubCNhEx79\" target=\"_blank\" rel=\"noopener\">by day<\/a> |\u00a0<a href=\"https:\/\/my.matterport.com\/show\/?m=M5eqtJkM1gd\">by night<\/a><\/p>\n<p>&nbsp;<\/p>\n<h4 style=\"text-align: center;\"><a href=\"https:\/\/www.provocateur-hotel.com\/de\/provocateur-bar\/\">Provocateur Bar<\/a><\/h4>\n<p style=\"text-align: center;\"><span data-sheets-root=\"1\">Die Provocateur Bar ist das pulsierende Herz des Hotels \u2013 eine goldene Lounge mit extravaganten Details: roter Samt, schwarze Marmortische und eine zentrale Bar aus Gold und Messing. Direkt neben dem Golden Phoenix gelegen, ist sie der perfekte Ort f\u00fcr besondere N\u00e4chte.<\/span><\/p>\n<p>&nbsp;<\/p>\n<p style=\"text-align: center;\"><a href=\"https:\/\/my.matterport.com\/show\/?m=EP9Yfq5ErjJ\">3D Tour<\/a><\/p>\n<p>&nbsp;<\/p>\n<h4 style=\"text-align: center;\"><a href=\"https:\/\/www.provocateur-hotel.com\/de\/rooms\/#1513260909453-6c0c93fc-3dd2\">Terrassen Suite<\/a><\/h4>\n<p style=\"text-align: center;\"><span data-sheets-root=\"1\">Hoch \u00fcber den D\u00e4chern Berlins bietet unsere Terrassen-Suite den idealen Ort f\u00fcr ein intime Events und Launches. Ob ein gem\u00fctliches Beisammensein, eine Bridal Shower, ein Geburtstag oder eine Hochzeit \u2013 mach dein privates Event zu einem unvergesslichen Erlebnis.<\/span><\/p>\n<p>&nbsp;<\/p>\n<h4 style=\"text-align: center;\">La Cave<\/h4>\n<p style=\"text-align: center;\"><span data-sheets-root=\"1\">Die Eventlocation \u201eLa Cave\u201c befindet sich im Untergeschoss des Provocateur Berlin. Der Raum ist multifunktional und eignet sich f\u00fcr verschiedene Arten von Events. Die vollst\u00e4ndig ausgestattete Bar, Sound- und Beleuchtungssystem, Sitzm\u00f6glichkeiten und weiteres Equipment wie Bildschirm oder Beamer erm\u00f6glichen es uns, deine Visionen optimal umzusetzen.<\/span><\/p>\n<p>&nbsp;<\/p>\n<p style=\"text-align: center;\">3D Tour <a href=\"https:\/\/my.matterport.com\/show\/?m=i67FiztAJY2\">Seated<\/a> |\u00a0<a href=\"https:\/\/my.matterport.com\/show\/?m=DoUMQSxxRgx\">Cocktail<\/a><\/p>\n<p>[\/vc_column_text][vc_column_text]<\/p>\n<p style=\"text-align: center;\">Mehr Informationen zu den Event Locations finden Sie in unserer<\/p>\n<p style=\"text-align: center;\"><a class=\"prov-button\" href=\"https:\/\/www.provocateur-hotel.com\/downloads\/provocateur-berlin-event-broschuere.pdf\" target=\"_blank\" rel=\"noopener noreferrer\">EVENT BROSCH\u00dcRE<\/a><\/p>\n<p>[\/vc_column_text][\/vc_column][\/vc_row][vc_row][vc_column][vc_single_image image=&#8220;7545&#8243; img_size=&#8220;full&#8220; css=&#8220;&#8220;][vc_column_text css=&#8220;&#8220;]<\/p>\n<p style=\"text-align: center;\"><strong>Contact Us<\/strong><\/p>\n<p style=\"text-align: center;\"><a href=\"tel:+49 30 22056060\">T+49 30 22056060<\/a><br \/>\n<a href=\"mailto:event@provocateur-hotel.com\">event@provocateur-hotel.com<\/a><\/p>\n<p>[\/vc_column_text][\/vc_column][\/vc_row]<\/p>\n<\/div>","protected":false},"excerpt":{"rendered":"<p>[vc_row][vc_column][vc_column_text css=&#8220;&#8220;] Meeting &amp; Event Im Provocateur Berlin wird jedes Treffen zu einem unvergesslichen Erlebnis. W\u00e4hle aus verschiedenen vielseitigen R\u00e4umen \u2013 ein gesetztes Dinner im Salon Provocateur, Cocktails an der Bar, ein gem\u00fctliches Get-together in unserer Terrace Suite \u00fcber den D\u00e4chern Berlins oder eine exklusive Vernissage in La Cave. F\u00fcr etwas Gr\u00f6\u00dferes lassen sich Bar [&hellip;]<\/p>\n","protected":false},"author":1,"featured_media":6983,"parent":0,"menu_order":49,"comment_status":"closed","ping_status":"closed","template":"","meta":{"_acf_changed":false,"footnotes":""},"class_list":["post-1260","page","type-page","status-publish","has-post-thumbnail","hentry"],"acf":[],"yoast_head":"<!-- This site is optimized with the Yoast SEO plugin v27.4 - https:\/\/yoast.com\/product\/yoast-seo-wordpress\/ -->\n<title>Meeting &amp; Event | Provocateur Design Hotel Berlin<\/title>\n<meta name=\"description\" content=\"Ein einzigartiger Ort f\u00fcr Ihr Event in Berlin, ideal f\u00fcr exklusive Get-together, Dinner, Fotoshootings, Castings, Product launches und mehr.\" \/>\n<meta name=\"robots\" content=\"index, follow, max-snippet:-1, max-image-preview:large, max-video-preview:-1\" \/>\n<link rel=\"canonical\" href=\"https:\/\/www.provocateur-hotel.com\/de\/events\/\" \/>\n<meta property=\"og:locale\" content=\"de_DE\" \/>\n<meta property=\"og:type\" content=\"article\" \/>\n<meta property=\"og:title\" content=\"Meeting &amp; Event | Provocateur Design Hotel Berlin\" \/>\n<meta property=\"og:description\" content=\"Ein einzigartiger Ort f\u00fcr Ihr Event in Berlin, ideal f\u00fcr exklusive Get-together, Dinner, Fotoshootings, Castings, Product launches und mehr.\" \/>\n<meta property=\"og:url\" content=\"https:\/\/www.provocateur-hotel.com\/de\/events\/\" \/>\n<meta property=\"og:site_name\" content=\"Provocateur Hotel Berlin\" \/>\n<meta property=\"article:publisher\" content=\"https:\/\/www.facebook.com\/provocateurhotel\/\" \/>\n<meta property=\"article:modified_time\" content=\"2026-01-12T10:54:37+00:00\" \/>\n<meta property=\"og:image\" content=\"https:\/\/www.provocateur-hotel.com\/wp-content\/uploads\/2025\/05\/Provocateur18-e1760954153878.jpg\" \/>\n\t<meta property=\"og:image:width\" content=\"3840\" \/>\n\t<meta property=\"og:image:height\" content=\"1740\" \/>\n\t<meta property=\"og:image:type\" content=\"image\/jpeg\" \/>\n<meta name=\"twitter:card\" content=\"summary_large_image\" \/>\n<meta name=\"twitter:label1\" content=\"Gesch\u00e4tzte Lesezeit\" \/>\n\t<meta name=\"twitter:data1\" content=\"3\u00a0Minuten\" \/>\n<script type=\"application\/ld+json\" class=\"yoast-schema-graph\">{\"@context\":\"https:\\\/\\\/schema.org\",\"@graph\":[{\"@type\":\"WebPage\",\"@id\":\"https:\\\/\\\/www.provocateur-hotel.com\\\/de\\\/events\\\/\",\"url\":\"https:\\\/\\\/www.provocateur-hotel.com\\\/de\\\/events\\\/\",\"name\":\"Meeting & Event | Provocateur Design Hotel Berlin\",\"isPartOf\":{\"@id\":\"https:\\\/\\\/www.provocateur-hotel.com\\\/de\\\/#website\"},\"primaryImageOfPage\":{\"@id\":\"https:\\\/\\\/www.provocateur-hotel.com\\\/de\\\/events\\\/#primaryimage\"},\"image\":{\"@id\":\"https:\\\/\\\/www.provocateur-hotel.com\\\/de\\\/events\\\/#primaryimage\"},\"thumbnailUrl\":\"https:\\\/\\\/www.provocateur-hotel.com\\\/wp-content\\\/uploads\\\/2025\\\/05\\\/Provocateur18-e1760954153878.jpg\",\"datePublished\":\"2017-10-27T11:35:37+00:00\",\"dateModified\":\"2026-01-12T10:54:37+00:00\",\"description\":\"Ein einzigartiger Ort f\u00fcr Ihr Event in Berlin, ideal f\u00fcr exklusive Get-together, Dinner, Fotoshootings, Castings, Product launches und mehr.\",\"breadcrumb\":{\"@id\":\"https:\\\/\\\/www.provocateur-hotel.com\\\/de\\\/events\\\/#breadcrumb\"},\"inLanguage\":\"de\",\"potentialAction\":[{\"@type\":\"ReadAction\",\"target\":[\"https:\\\/\\\/www.provocateur-hotel.com\\\/de\\\/events\\\/\"]}]},{\"@type\":\"ImageObject\",\"inLanguage\":\"de\",\"@id\":\"https:\\\/\\\/www.provocateur-hotel.com\\\/de\\\/events\\\/#primaryimage\",\"url\":\"https:\\\/\\\/www.provocateur-hotel.com\\\/wp-content\\\/uploads\\\/2025\\\/05\\\/Provocateur18-e1760954153878.jpg\",\"contentUrl\":\"https:\\\/\\\/www.provocateur-hotel.com\\\/wp-content\\\/uploads\\\/2025\\\/05\\\/Provocateur18-e1760954153878.jpg\",\"width\":3840,\"height\":1740},{\"@type\":\"BreadcrumbList\",\"@id\":\"https:\\\/\\\/www.provocateur-hotel.com\\\/de\\\/events\\\/#breadcrumb\",\"itemListElement\":[{\"@type\":\"ListItem\",\"position\":1,\"name\":\"Startseite\",\"item\":\"https:\\\/\\\/www.provocateur-hotel.com\\\/de\\\/\"},{\"@type\":\"ListItem\",\"position\":2,\"name\":\"Meeting &#038; Event\"}]},{\"@type\":\"WebSite\",\"@id\":\"https:\\\/\\\/www.provocateur-hotel.com\\\/de\\\/#website\",\"url\":\"https:\\\/\\\/www.provocateur-hotel.com\\\/de\\\/\",\"name\":\"Provocateur Hotel Berlin\",\"description\":\"\",\"potentialAction\":[{\"@type\":\"SearchAction\",\"target\":{\"@type\":\"EntryPoint\",\"urlTemplate\":\"https:\\\/\\\/www.provocateur-hotel.com\\\/de\\\/?s={search_term_string}\"},\"query-input\":{\"@type\":\"PropertyValueSpecification\",\"valueRequired\":true,\"valueName\":\"search_term_string\"}}],\"inLanguage\":\"de\"}]}<\/script>\n<!-- \/ Yoast SEO plugin. -->","yoast_head_json":{"title":"Meeting & Event | Provocateur Design Hotel Berlin","description":"Ein einzigartiger Ort f\u00fcr Ihr Event in Berlin, ideal f\u00fcr exklusive Get-together, Dinner, Fotoshootings, Castings, Product launches und mehr.","robots":{"index":"index","follow":"follow","max-snippet":"max-snippet:-1","max-image-preview":"max-image-preview:large","max-video-preview":"max-video-preview:-1"},"canonical":"https:\/\/www.provocateur-hotel.com\/de\/events\/","og_locale":"de_DE","og_type":"article","og_title":"Meeting & Event | Provocateur Design Hotel Berlin","og_description":"Ein einzigartiger Ort f\u00fcr Ihr Event in Berlin, ideal f\u00fcr exklusive Get-together, Dinner, Fotoshootings, Castings, Product launches und mehr.","og_url":"https:\/\/www.provocateur-hotel.com\/de\/events\/","og_site_name":"Provocateur Hotel Berlin","article_publisher":"https:\/\/www.facebook.com\/provocateurhotel\/","article_modified_time":"2026-01-12T10:54:37+00:00","og_image":[{"width":3840,"height":1740,"url":"https:\/\/www.provocateur-hotel.com\/wp-content\/uploads\/2025\/05\/Provocateur18-e1760954153878.jpg","type":"image\/jpeg"}],"twitter_card":"summary_large_image","twitter_misc":{"Gesch\u00e4tzte Lesezeit":"3\u00a0Minuten"},"schema":{"@context":"https:\/\/schema.org","@graph":[{"@type":"WebPage","@id":"https:\/\/www.provocateur-hotel.com\/de\/events\/","url":"https:\/\/www.provocateur-hotel.com\/de\/events\/","name":"Meeting & Event | Provocateur Design Hotel Berlin","isPartOf":{"@id":"https:\/\/www.provocateur-hotel.com\/de\/#website"},"primaryImageOfPage":{"@id":"https:\/\/www.provocateur-hotel.com\/de\/events\/#primaryimage"},"image":{"@id":"https:\/\/www.provocateur-hotel.com\/de\/events\/#primaryimage"},"thumbnailUrl":"https:\/\/www.provocateur-hotel.com\/wp-content\/uploads\/2025\/05\/Provocateur18-e1760954153878.jpg","datePublished":"2017-10-27T11:35:37+00:00","dateModified":"2026-01-12T10:54:37+00:00","description":"Ein einzigartiger Ort f\u00fcr Ihr Event in Berlin, ideal f\u00fcr exklusive Get-together, Dinner, Fotoshootings, Castings, Product launches und mehr.","breadcrumb":{"@id":"https:\/\/www.provocateur-hotel.com\/de\/events\/#breadcrumb"},"inLanguage":"de","potentialAction":[{"@type":"ReadAction","target":["https:\/\/www.provocateur-hotel.com\/de\/events\/"]}]},{"@type":"ImageObject","inLanguage":"de","@id":"https:\/\/www.provocateur-hotel.com\/de\/events\/#primaryimage","url":"https:\/\/www.provocateur-hotel.com\/wp-content\/uploads\/2025\/05\/Provocateur18-e1760954153878.jpg","contentUrl":"https:\/\/www.provocateur-hotel.com\/wp-content\/uploads\/2025\/05\/Provocateur18-e1760954153878.jpg","width":3840,"height":1740},{"@type":"BreadcrumbList","@id":"https:\/\/www.provocateur-hotel.com\/de\/events\/#breadcrumb","itemListElement":[{"@type":"ListItem","position":1,"name":"Startseite","item":"https:\/\/www.provocateur-hotel.com\/de\/"},{"@type":"ListItem","position":2,"name":"Meeting &#038; Event"}]},{"@type":"WebSite","@id":"https:\/\/www.provocateur-hotel.com\/de\/#website","url":"https:\/\/www.provocateur-hotel.com\/de\/","name":"Provocateur Hotel Berlin","description":"","potentialAction":[{"@type":"SearchAction","target":{"@type":"EntryPoint","urlTemplate":"https:\/\/www.provocateur-hotel.com\/de\/?s={search_term_string}"},"query-input":{"@type":"PropertyValueSpecification","valueRequired":true,"valueName":"search_term_string"}}],"inLanguage":"de"}]}},"_links":{"self":[{"href":"https:\/\/www.provocateur-hotel.com\/de\/wp-json\/wp\/v2\/pages\/1260","targetHints":{"allow":["GET"]}}],"collection":[{"href":"https:\/\/www.provocateur-hotel.com\/de\/wp-json\/wp\/v2\/pages"}],"about":[{"href":"https:\/\/www.provocateur-hotel.com\/de\/wp-json\/wp\/v2\/types\/page"}],"author":[{"embeddable":true,"href":"https:\/\/www.provocateur-hotel.com\/de\/wp-json\/wp\/v2\/users\/1"}],"replies":[{"embeddable":true,"href":"https:\/\/www.provocateur-hotel.com\/de\/wp-json\/wp\/v2\/comments?post=1260"}],"version-history":[{"count":91,"href":"https:\/\/www.provocateur-hotel.com\/de\/wp-json\/wp\/v2\/pages\/1260\/revisions"}],"predecessor-version":[{"id":7551,"href":"https:\/\/www.provocateur-hotel.com\/de\/wp-json\/wp\/v2\/pages\/1260\/revisions\/7551"}],"wp:featuredmedia":[{"embeddable":true,"href":"https:\/\/www.provocateur-hotel.com\/de\/wp-json\/wp\/v2\/media\/6983"}],"wp:attachment":[{"href":"https:\/\/www.provocateur-hotel.com\/de\/wp-json\/wp\/v2\/media?parent=1260"}],"curies":[{"name":"wp","href":"https:\/\/api.w.org\/{rel}","templated":true}]}}