{"id":42,"date":"2017-01-31T15:03:45","date_gmt":"2017-01-31T14:03:45","guid":{"rendered":"http:\/\/demo7.wall-it.de\/?page_id=42"},"modified":"2023-02-22T12:02:51","modified_gmt":"2023-02-22T11:02:51","slug":"karriere","status":"publish","type":"page","link":"https:\/\/www.provocateur-hotel.com\/de\/karriere\/","title":{"rendered":"Karriere"},"content":{"rendered":"<div class=\"wpb-content-wrapper\"><p>[vc_row][vc_column][vc_column_text]<\/p>\n<h2 style=\"text-align: center;\"><strong>Work with<\/strong><em> l\u2019amour<br \/>\n<\/em><\/h2>\n<p style=\"text-align: center;\">Wir suchen Gastgeber aus Leidenschaft und au\u00dfergew\u00f6hnliche Pers\u00f6nlichkeiten, die im Provocateur Berlin das Gef\u00fchl von Paris aus den 20er Jahren und den Vibe des Berlins von heute verspr\u00fchen. Menschen, die mit ihrer Einzigartigkeit gl\u00e4nzen \u2013 genau wie das Provocateur Berlin. Ein Hotel, das zugleich Kunst und ein Erlebnis ist. Mit einem aufgeschlossenen Team, das jeden Tag Menschen begeistert und gl\u00fccklich macht.<\/p>\n<p style=\"text-align: center;\">Vielleicht bist du ein erfahrener Hotelier, Quereinsteiger oder ein Young Talent \u2013 und bereit, deine Karriere bei uns im Provocateur zu starten?<br \/>\nCome on, Darling, let\u2019s work together with l\u2019amour.<\/p>\n<p>[\/vc_column_text][\/vc_column][\/vc_row][vc_row][vc_column][vc_column_text]<\/p>\n<h4 style=\"text-align: center;\">Join our fabulous team<\/h4>\n<p>[\/vc_column_text][vc_raw_html]JTNDc2NyaXB0JTIwdHlwZSUzRCUyMnRleHQlMkZqYXZhc2NyaXB0JTIyJTIwc3JjJTNEJTIyaHR0cHMlM0ElMkYlMkZ3d3cuaG90ZWwtY2FyZWVyLmNvbSUyRmpzJTJGYWpheGpvYmxpc3RlLmpzJTIyJTNFJTNDJTJGc2NyaXB0JTNFJTBBJTNDZGl2JTIwaWQlM0QlMjJoYy1qb2JsaXN0ZW4lMjIlMjBzdHlsZSUzRCUyMm92ZXJmbG93JTNBJTIwaGlkZGVuJTNCJTIyJTNFJTBBJTNDZGl2JTIwY2xhc3MlM0QlMjJoYy1qb2JsaXN0JTIyJTNFJTNDaW5wdXQlMjBjbGFzcyUzRCUyMmpsLWhvdGlkJTIyJTIwdHlwZSUzRCUyMmhpZGRlbiUyMiUyMHZhbHVlJTNEJTIyMzkwMjclMjIlMjAlMkYlM0UlM0NpbnB1dCUyMGNsYXNzJTNEJTIyamwtc3ByaWQlMjIlMjB0eXBlJTNEJTIyaGlkZGVuJTIyJTIwdmFsdWUlM0QlMjIxJTIyJTIwJTJGJTNFJTNDJTJGZGl2JTNFJTBBJTNDJTJGZGl2JTNF[\/vc_raw_html][vc_video link=&#8220;https:\/\/player.vimeo.com\/video\/796299393&#8243; align=&#8220;center&#8220;][vc_column_text]<\/p>\n<h4 style=\"text-align: center;\">Oh l\u00e0 l\u00e0\u2026 something different<\/h4>\n<p style=\"text-align: center;\">Dein Arbeitsalltag bei uns wird viele abwechslungsreiche Erlebnisse mit sich bringen. Standard geh\u00f6rt nicht zu unserem Wortschatz. Von dem ausgefallenen Design, kreativen Drinks in der ausgezeichneten Bar, \u00fcber die einzigartigen Events bis hin zu unserem bunt gemischten Team mit tollen Charakteren. Wir geben dir die M\u00f6glichkeit, dich selbst zu entfalten und f\u00f6rdern deine St\u00e4rken. Wenn du kreativ, engagiert und motiviert bist und in einem der einzigartigsten Hotels Deutschland durchstarten m\u00f6chtest, wollen wir dir die Mise-en-sc\u00e8ne f\u00fcr deine Karriere in der Hotellerie und Gastronomie bieten.<\/p>\n<p style=\"text-align: center;\">Your new workplace &#8211; Um einen Einblick in deinen poteziellen Arbeitsplatz zu erhalten, mache einen virtuellen Rundgang mit unseren 3D Touren.<\/p>\n<p style=\"text-align: center;\"><a class=\"prov-button\" href=\"https:\/\/www.provocateur-hotel.com\/de\/tour\/\">peek inside<\/a><\/p>\n<p>[\/vc_column_text][vc_column_text]<\/p>\n<h4 style=\"text-align: center;\">Gekko what?<em><br \/>\n<\/em><\/h4>\n<p style=\"text-align: center;\">Das Provocateur Berlin ist Teil der Gekko Group \u2013 eine innovative Marke in der Hotellerie und Gastronomie von den Vision\u00e4ren Micky Rosen und Alex Urseanu, die das Leben lieben und dies mit ihren Mitarbeitern und G\u00e4sten teilen. Aus der Gruppe sticht das Provocateur Berlin mit dem Golden Phoenix Restaurant und der legend\u00e4ren Provocateur Bar mit der burlesken Eleganz und glamour\u00f6sen Atmosph\u00e4re heraus.<\/p>\n<p>[\/vc_column_text][\/vc_column][\/vc_row][vc_row][vc_column width=&#8220;1\/2&#8243;][vc_column_text]<\/p>\n<p style=\"text-align: center;\">We are dynamic<br \/>\nArbeite in einem stetig wachsenden, dynamischen und modernen Unternehmen mit pers\u00f6nliche Entfaltungsm\u00f6glichkeiten. Werde Teil eines diversen Teams aus vielen Nationalit\u00e4ten. Quereinsteiger are welcome!<\/p>\n<p style=\"text-align: center;\">We are innovative<br \/>\nBei uns gibt es eine ideenreiche Unternehmenskultur in einer inhabergef\u00fchrten Gruppe und genug Freiraum f\u00fcr eigene Ideen.<\/p>\n<p style=\"text-align: center;\">We\u2019ve got you<br \/>\nEs gibt die M\u00f6glichkeit Dienstplanw\u00fcnsche zu \u00e4u\u00dfern. Sometimes it\u2019s unvermeidbar, aber geleistete Mehrarbeit wird ausgeglichen.<\/p>\n<p>[\/vc_column_text][\/vc_column][vc_column width=&#8220;1\/2&#8243;][vc_column_text]<\/p>\n<p style=\"text-align: center;\">We let you you grow<br \/>\nWir bieten M\u00f6glichkeiten zur Weiterentwicklung innerhalb der Gekko Group mit langfristigen Perspektiven. Ein stetig wachsendes Angebot an In-House Schulungen l\u00e4sst dich weiter wachsen.<\/p>\n<p style=\"text-align: center;\">We let you move<br \/>\nTransferm\u00f6glichkeiten in Schwesterhotels. Verkehrsg\u00fcnstige Lage unserer Standorte.<\/p>\n<p style=\"text-align: center;\">We let you be flexible<br \/>\nWir bieten Flexible Arbeitszeitmodelle: Vollzeit, Teilzeit oder Minijob sogar ohne Teildienst bei unseren F&amp;B Stellen.<\/p>\n<p>[\/vc_column_text][\/vc_column][\/vc_row][vc_row][vc_column][vc_column_text]<\/p>\n<h4 style=\"text-align: center;\">The best for last<br \/>\nGekko Group Perks<\/h4>\n<p style=\"text-align: center;\">\u2013 Mitarbeiter und Family &amp; Friends Raten in allen H\u00e4usern der Gekko Group<br \/>\n\u2013 Vorteile in \u00fcber 7000 Hotels von Marriott International, Inc.<br \/>\n\u2013 Bis zu 50% Rabatt in den meisten Outlets der Gruppe<br \/>\n\u2013 Legend\u00e4re Mitarbeiterfeste<br \/>\n\u2013 Stetig wachsende Corporate Benefits<\/p>\n<p>[\/vc_column_text][vc_column_text]<\/p>\n<h4 style=\"text-align: center;\">Did we spark your interest?<\/h4>\n<p style=\"text-align: center;\">Dann freuen wir uns, dich bald kennenzulernen!<br \/>\nAuch wenn keine passende Stellenausschreibung f\u00fcr dich dabei sein sollte, schicke uns gerne deine Initiativbewerbung.<br \/>\nDeine Ansprechperson ist:<\/p>\n<p style=\"text-align: center;\">Susanne Fr\u00f6hlich<br \/>\nT +49 69 242390<br \/>\n<a href=\"mailto:jobs@provocateur-hotel.com\">jobs@provocateur-hotel.com<\/a><\/p>\n<p>[\/vc_column_text][\/vc_column][\/vc_row][vc_section][vc_row disable_element=&#8220;yes&#8220;][vc_column][vc_column_text]<\/p>\n<h2 id=\"line1\"><strong>Der richtige Job<\/strong><i> war nicht dabei?<\/i><\/h2>\n<p>Dann haben wir hier noch weitere spannende Jobs f\u00fcr dich.[\/vc_column_text][vc_tta_accordion style=&#8220;flat&#8220; shape=&#8220;square&#8220; color=&#8220;white&#8220; c_position=&#8220;right&#8220; active_section=&#8220;-1&#8243; no_fill=&#8220;true&#8220; collapsible_all=&#8220;true&#8220;][vc_tta_section title=&#8220;Frankfurt&#8220; tab_id=&#8220;frankfurt&#8220;][vc_column_text]<\/p>\n<div id=\"hc-joblisten\" style=\"overflow: hidden;\">\n<div class=\"hc-joblist\"><input class=\"jl-hotid\" type=\"hidden\" value=\"39030\" \/><br \/>\n<input class=\"jl-sprid\" type=\"hidden\" value=\"1\" \/><\/div>\n<\/div>\n<p>&nbsp;<\/p>\n<p id=\"line1\">Ansprechpartnerin:\u00a0Laura Mettler<br \/>\n+49 69 271342 822<br \/>\n<a href=\"mailto:jobs@roomers-frankfurt.com\">jobs@roomers-frankfurt.com<\/a><\/p>\n<p>[\/vc_column_text][\/vc_tta_section][vc_tta_section title=&#8220;Baden-Baden&#8220; tab_id=&#8220;baden-baden&#8220;][vc_column_text]<\/p>\n<div id=\"hc-joblisten\" style=\"overflow: hidden;\">\n<div class=\"hc-joblist\"><input class=\"jl-hotid\" type=\"hidden\" value=\"39036\" \/><br \/>\n<input class=\"jl-sprid\" type=\"hidden\" value=\"1\" \/><\/div>\n<\/div>\n<p>&nbsp;<\/p>\n<p id=\"line1\">Ansprechpartnerin: Vanessa Grief<br \/>\n+49 7221 90193 610<br \/>\n<a href=\"mailto:jobs@roomers-badenbaden.com\">jobs@roomers-badenbaden.com<\/a><\/p>\n<p>[\/vc_column_text][\/vc_tta_section][vc_tta_section title=&#8220;M\u00fcnchen&#8220; tab_id=&#8220;muenchen&#8220;][vc_column_text]<\/p>\n<div id=\"hc-joblisten\" style=\"overflow: hidden;\">\n<div class=\"hc-joblist\"><input class=\"jl-hotid\" type=\"hidden\" value=\"39042\" \/><br \/>\n<input class=\"jl-sprid\" type=\"hidden\" value=\"1\" \/><\/div>\n<\/div>\n<p>&nbsp;<\/p>\n<p id=\"line1\">Ansprechpartnerin: Daniela Maier<br \/>\n+49 89 45220 2705<br \/>\n<a href=\"mailto:jobs@roomers-munich.com\">jobs@roomers-munich.com<\/a><\/p>\n<p>[\/vc_column_text][\/vc_tta_section][\/vc_tta_accordion][\/vc_column][\/vc_row][\/vc_section][vc_row disable_element=&#8220;yes&#8220;][vc_column][vc_column_text]<\/p>\n<h2><strong>Listen<\/strong> to us&#8230;<\/h2>\n<p>Listen to Branimir Hrkac, Executive F&amp;B Director, how we are.[\/vc_column_text][\/vc_column][\/vc_row][vc_row disable_element=&#8220;yes&#8220;][vc_column][vc_row_inner][vc_column_inner][vc_raw_html]JTNDc2NyaXB0JTIwY2xhc3MlM0QlMjJwb2RpZ2VlLXBvZGNhc3QtcGxheWVyJTIyJTIwc3JjJTNEJTIyaHR0cHMlM0ElMkYlMkZjZG4ucG9kaWdlZS5jb20lMkZwb2RjYXN0LXBsYXllciUyRmphdmFzY3JpcHRzJTJGcG9kaWdlZS1wb2RjYXN0LXBsYXllci5qcyUyMiUyMGRhdGEtY29uZmlndXJhdGlvbiUzRCUyMmh0dHBzJTNBJTJGJTJGenUtdGlzY2gucG9kaWdlZS5pbyUyRjEtZ2Vra28tZ3JvdXAlMkZlbWJlZCUzRmNvbnRleHQlM0RleHRlcm5hbCUyMiUzRSUzQyUyRnNjcmlwdCUzRQ==[\/vc_raw_html][\/vc_column_inner][\/vc_row_inner][\/vc_column][\/vc_row]<\/p>\n<\/div>","protected":false},"excerpt":{"rendered":"<p>[vc_row][vc_column][vc_column_text] Work with l\u2019amour Wir suchen Gastgeber aus Leidenschaft und au\u00dfergew\u00f6hnliche Pers\u00f6nlichkeiten, die im Provocateur Berlin das Gef\u00fchl von Paris aus den 20er Jahren und den Vibe des Berlins von heute verspr\u00fchen. Menschen, die mit ihrer Einzigartigkeit gl\u00e4nzen \u2013 genau wie das Provocateur Berlin. Ein Hotel, das zugleich Kunst und ein Erlebnis ist. Mit einem [&hellip;]<\/p>\n","protected":false},"author":1,"featured_media":1966,"parent":0,"menu_order":38,"comment_status":"closed","ping_status":"closed","template":"","meta":{"_acf_changed":false,"footnotes":""},"class_list":["post-42","page","type-page","status-publish","has-post-thumbnail","hentry"],"acf":[],"yoast_head":"<!-- This site is optimized with the Yoast SEO plugin v27.5 - https:\/\/yoast.com\/product\/yoast-seo-wordpress\/ -->\n<title>Karriere | Provocateur Design Hotel Berlin<\/title>\n<meta name=\"description\" content=\"Werde Teil der Gekko Family und profitiere von einer innovativen Unternehmenskultur, Family &amp; Friends Raten und Mitarbeiterfesten.\" \/>\n<meta name=\"robots\" content=\"index, follow, max-snippet:-1, max-image-preview:large, max-video-preview:-1\" \/>\n<link rel=\"canonical\" href=\"https:\/\/www.provocateur-hotel.com\/de\/karriere\/\" \/>\n<meta property=\"og:locale\" content=\"de_DE\" \/>\n<meta property=\"og:type\" content=\"article\" \/>\n<meta property=\"og:title\" content=\"Karriere | Provocateur Design Hotel Berlin\" \/>\n<meta property=\"og:description\" content=\"Werde Teil der Gekko Family und profitiere von einer innovativen Unternehmenskultur, Family &amp; Friends Raten und Mitarbeiterfesten.\" \/>\n<meta property=\"og:url\" content=\"https:\/\/www.provocateur-hotel.com\/de\/karriere\/\" \/>\n<meta property=\"og:site_name\" content=\"Provocateur Hotel Berlin\" \/>\n<meta property=\"article:publisher\" content=\"https:\/\/www.facebook.com\/provocateurhotel\/\" \/>\n<meta property=\"article:modified_time\" content=\"2023-02-22T11:02:51+00:00\" \/>\n<meta property=\"og:image\" content=\"https:\/\/www.provocateur-hotel.com\/wp-content\/uploads\/2018\/02\/provocateur-hotel-berlin-career-header.jpg\" \/>\n\t<meta property=\"og:image:width\" content=\"1920\" \/>\n\t<meta property=\"og:image:height\" content=\"1080\" \/>\n\t<meta property=\"og:image:type\" content=\"image\/jpeg\" \/>\n<meta name=\"twitter:card\" content=\"summary_large_image\" \/>\n<meta name=\"twitter:label1\" content=\"Gesch\u00e4tzte Lesezeit\" \/>\n\t<meta name=\"twitter:data1\" content=\"4\u00a0Minuten\" \/>\n<script type=\"application\/ld+json\" class=\"yoast-schema-graph\">{\"@context\":\"https:\\\/\\\/schema.org\",\"@graph\":[{\"@type\":\"WebPage\",\"@id\":\"https:\\\/\\\/www.provocateur-hotel.com\\\/de\\\/karriere\\\/\",\"url\":\"https:\\\/\\\/www.provocateur-hotel.com\\\/de\\\/karriere\\\/\",\"name\":\"Karriere | Provocateur Design Hotel Berlin\",\"isPartOf\":{\"@id\":\"https:\\\/\\\/www.provocateur-hotel.com\\\/de\\\/#website\"},\"primaryImageOfPage\":{\"@id\":\"https:\\\/\\\/www.provocateur-hotel.com\\\/de\\\/karriere\\\/#primaryimage\"},\"image\":{\"@id\":\"https:\\\/\\\/www.provocateur-hotel.com\\\/de\\\/karriere\\\/#primaryimage\"},\"thumbnailUrl\":\"https:\\\/\\\/www.provocateur-hotel.com\\\/wp-content\\\/uploads\\\/2018\\\/02\\\/provocateur-hotel-berlin-career-header.jpg\",\"datePublished\":\"2017-01-31T14:03:45+00:00\",\"dateModified\":\"2023-02-22T11:02:51+00:00\",\"description\":\"Werde Teil der Gekko Family und profitiere von einer innovativen Unternehmenskultur, Family & Friends Raten und Mitarbeiterfesten.\",\"breadcrumb\":{\"@id\":\"https:\\\/\\\/www.provocateur-hotel.com\\\/de\\\/karriere\\\/#breadcrumb\"},\"inLanguage\":\"de\",\"potentialAction\":[{\"@type\":\"ReadAction\",\"target\":[\"https:\\\/\\\/www.provocateur-hotel.com\\\/de\\\/karriere\\\/\"]}]},{\"@type\":\"ImageObject\",\"inLanguage\":\"de\",\"@id\":\"https:\\\/\\\/www.provocateur-hotel.com\\\/de\\\/karriere\\\/#primaryimage\",\"url\":\"https:\\\/\\\/www.provocateur-hotel.com\\\/wp-content\\\/uploads\\\/2018\\\/02\\\/provocateur-hotel-berlin-career-header.jpg\",\"contentUrl\":\"https:\\\/\\\/www.provocateur-hotel.com\\\/wp-content\\\/uploads\\\/2018\\\/02\\\/provocateur-hotel-berlin-career-header.jpg\",\"width\":\"1920\",\"height\":\"1080\",\"caption\":\"Provocateur Hotel Berlin Career\"},{\"@type\":\"BreadcrumbList\",\"@id\":\"https:\\\/\\\/www.provocateur-hotel.com\\\/de\\\/karriere\\\/#breadcrumb\",\"itemListElement\":[{\"@type\":\"ListItem\",\"position\":1,\"name\":\"Startseite\",\"item\":\"https:\\\/\\\/www.provocateur-hotel.com\\\/de\\\/\"},{\"@type\":\"ListItem\",\"position\":2,\"name\":\"Karriere\"}]},{\"@type\":\"WebSite\",\"@id\":\"https:\\\/\\\/www.provocateur-hotel.com\\\/de\\\/#website\",\"url\":\"https:\\\/\\\/www.provocateur-hotel.com\\\/de\\\/\",\"name\":\"Provocateur Hotel Berlin\",\"description\":\"\",\"potentialAction\":[{\"@type\":\"SearchAction\",\"target\":{\"@type\":\"EntryPoint\",\"urlTemplate\":\"https:\\\/\\\/www.provocateur-hotel.com\\\/de\\\/?s={search_term_string}\"},\"query-input\":{\"@type\":\"PropertyValueSpecification\",\"valueRequired\":true,\"valueName\":\"search_term_string\"}}],\"inLanguage\":\"de\"}]}<\/script>\n<!-- \/ Yoast SEO plugin. -->","yoast_head_json":{"title":"Karriere | Provocateur Design Hotel Berlin","description":"Werde Teil der Gekko Family und profitiere von einer innovativen Unternehmenskultur, Family & Friends Raten und Mitarbeiterfesten.","robots":{"index":"index","follow":"follow","max-snippet":"max-snippet:-1","max-image-preview":"max-image-preview:large","max-video-preview":"max-video-preview:-1"},"canonical":"https:\/\/www.provocateur-hotel.com\/de\/karriere\/","og_locale":"de_DE","og_type":"article","og_title":"Karriere | Provocateur Design Hotel Berlin","og_description":"Werde Teil der Gekko Family und profitiere von einer innovativen Unternehmenskultur, Family & Friends Raten und Mitarbeiterfesten.","og_url":"https:\/\/www.provocateur-hotel.com\/de\/karriere\/","og_site_name":"Provocateur Hotel Berlin","article_publisher":"https:\/\/www.facebook.com\/provocateurhotel\/","article_modified_time":"2023-02-22T11:02:51+00:00","og_image":[{"width":1920,"height":1080,"url":"https:\/\/www.provocateur-hotel.com\/wp-content\/uploads\/2018\/02\/provocateur-hotel-berlin-career-header.jpg","type":"image\/jpeg"}],"twitter_card":"summary_large_image","twitter_misc":{"Gesch\u00e4tzte Lesezeit":"4\u00a0Minuten"},"schema":{"@context":"https:\/\/schema.org","@graph":[{"@type":"WebPage","@id":"https:\/\/www.provocateur-hotel.com\/de\/karriere\/","url":"https:\/\/www.provocateur-hotel.com\/de\/karriere\/","name":"Karriere | Provocateur Design Hotel Berlin","isPartOf":{"@id":"https:\/\/www.provocateur-hotel.com\/de\/#website"},"primaryImageOfPage":{"@id":"https:\/\/www.provocateur-hotel.com\/de\/karriere\/#primaryimage"},"image":{"@id":"https:\/\/www.provocateur-hotel.com\/de\/karriere\/#primaryimage"},"thumbnailUrl":"https:\/\/www.provocateur-hotel.com\/wp-content\/uploads\/2018\/02\/provocateur-hotel-berlin-career-header.jpg","datePublished":"2017-01-31T14:03:45+00:00","dateModified":"2023-02-22T11:02:51+00:00","description":"Werde Teil der Gekko Family und profitiere von einer innovativen Unternehmenskultur, Family & Friends Raten und Mitarbeiterfesten.","breadcrumb":{"@id":"https:\/\/www.provocateur-hotel.com\/de\/karriere\/#breadcrumb"},"inLanguage":"de","potentialAction":[{"@type":"ReadAction","target":["https:\/\/www.provocateur-hotel.com\/de\/karriere\/"]}]},{"@type":"ImageObject","inLanguage":"de","@id":"https:\/\/www.provocateur-hotel.com\/de\/karriere\/#primaryimage","url":"https:\/\/www.provocateur-hotel.com\/wp-content\/uploads\/2018\/02\/provocateur-hotel-berlin-career-header.jpg","contentUrl":"https:\/\/www.provocateur-hotel.com\/wp-content\/uploads\/2018\/02\/provocateur-hotel-berlin-career-header.jpg","width":"1920","height":"1080","caption":"Provocateur Hotel Berlin Career"},{"@type":"BreadcrumbList","@id":"https:\/\/www.provocateur-hotel.com\/de\/karriere\/#breadcrumb","itemListElement":[{"@type":"ListItem","position":1,"name":"Startseite","item":"https:\/\/www.provocateur-hotel.com\/de\/"},{"@type":"ListItem","position":2,"name":"Karriere"}]},{"@type":"WebSite","@id":"https:\/\/www.provocateur-hotel.com\/de\/#website","url":"https:\/\/www.provocateur-hotel.com\/de\/","name":"Provocateur Hotel Berlin","description":"","potentialAction":[{"@type":"SearchAction","target":{"@type":"EntryPoint","urlTemplate":"https:\/\/www.provocateur-hotel.com\/de\/?s={search_term_string}"},"query-input":{"@type":"PropertyValueSpecification","valueRequired":true,"valueName":"search_term_string"}}],"inLanguage":"de"}]}},"_links":{"self":[{"href":"https:\/\/www.provocateur-hotel.com\/de\/wp-json\/wp\/v2\/pages\/42","targetHints":{"allow":["GET"]}}],"collection":[{"href":"https:\/\/www.provocateur-hotel.com\/de\/wp-json\/wp\/v2\/pages"}],"about":[{"href":"https:\/\/www.provocateur-hotel.com\/de\/wp-json\/wp\/v2\/types\/page"}],"author":[{"embeddable":true,"href":"https:\/\/www.provocateur-hotel.com\/de\/wp-json\/wp\/v2\/users\/1"}],"replies":[{"embeddable":true,"href":"https:\/\/www.provocateur-hotel.com\/de\/wp-json\/wp\/v2\/comments?post=42"}],"version-history":[{"count":34,"href":"https:\/\/www.provocateur-hotel.com\/de\/wp-json\/wp\/v2\/pages\/42\/revisions"}],"predecessor-version":[{"id":6157,"href":"https:\/\/www.provocateur-hotel.com\/de\/wp-json\/wp\/v2\/pages\/42\/revisions\/6157"}],"wp:featuredmedia":[{"embeddable":true,"href":"https:\/\/www.provocateur-hotel.com\/de\/wp-json\/wp\/v2\/media\/1966"}],"wp:attachment":[{"href":"https:\/\/www.provocateur-hotel.com\/de\/wp-json\/wp\/v2\/media?parent=42"}],"curies":[{"name":"wp","href":"https:\/\/api.w.org\/{rel}","templated":true}]}}