{"id":46,"date":"2017-01-31T15:04:15","date_gmt":"2017-01-31T14:04:15","guid":{"rendered":"http:\/\/demo7.wall-it.de\/?page_id=46"},"modified":"2025-05-07T11:55:06","modified_gmt":"2025-05-07T09:55:06","slug":"location","status":"publish","type":"page","link":"https:\/\/www.provocateur-hotel.com\/de\/location\/","title":{"rendered":"Location"},"content":{"rendered":"<div class=\"wpb-content-wrapper\"><p>[vc_row][vc_column][vc_column_text css=&#8220;&#8220;]<\/p>\n<h2 style=\"text-align: center;\"><strong>Standort<\/strong><\/h2>\n<p style=\"text-align: center;\">Das Provocateur liegt nur einen kurzen Spaziergang vom <a href=\"https:\/\/www.berlin.de\/sehenswuerdigkeiten\/3561166-3558930-kurfuerstendamm.html\" target=\"_blank\" rel=\"noopener\">Kurf\u00fcrstendamm<\/a> (Ku\u2019damm), entfernt, bekannt f\u00fcr seine gro\u00dfe Vielfalt an Gesch\u00e4ften, Restaurants, Caf\u00e9s und Bars. Aber auch die kleinen Stra\u00dfen entlang des Ku\u2019damms sind einen Blick wert. Die perfekte Lage, um West-Berlin mit seinem besonderen Charme zu entdecken. Sehensw\u00fcrdigkeiten und gr\u00fcne Parks sind ebenfalls in der N\u00e4he.<\/p>\n<p style=\"text-align: center;\"><strong>Adresse<\/strong><br \/>\nProvocateur<br \/>\nBrandenburgische Strasse 21<br \/>\n10707 Berlin<\/p>\n<p style=\"text-align: center;\"><a class=\"prov-button\" href=\"\/downloads\/Provocateur-directions.pdf\" target=\"_blank\" rel=\"noopener\">ANFAHRT<\/a><\/p>\n<p>[\/vc_column_text][\/vc_column][\/vc_row][vc_row][vc_column][vc_column_text css=&#8220;&#8220;]<\/p>\n<h1><strong>Berlin<\/strong>\u00a0<em>City Guide<\/em><\/h1>\n<p>[\/vc_column_text][vc_column_text css=&#8220;&#8220;]<script src=\"https:\/\/static.elfsight.com\/platform\/platform.js\" async><\/script><\/p>\n<div class=\"elfsight-app-75161b61-905f-46b3-9f4b-30517cb46029\" data-elfsight-app-lazy=\"\"><\/div>\n<p>[\/vc_column_text][\/vc_column][\/vc_row][vc_row][vc_column][\/vc_column][\/vc_row]<\/p>\n<\/div>","protected":false},"excerpt":{"rendered":"<p>[vc_row][vc_column][vc_column_text css=&#8220;&#8220;] Standort Das Provocateur liegt nur einen kurzen Spaziergang vom Kurf\u00fcrstendamm (Ku\u2019damm), entfernt, bekannt f\u00fcr seine gro\u00dfe Vielfalt an Gesch\u00e4ften, Restaurants, Caf\u00e9s und Bars. Aber auch die kleinen Stra\u00dfen entlang des Ku\u2019damms sind einen Blick wert. Die perfekte Lage, um West-Berlin mit seinem besonderen Charme zu entdecken. Sehensw\u00fcrdigkeiten und gr\u00fcne Parks sind ebenfalls in [&hellip;]<\/p>\n","protected":false},"author":1,"featured_media":4472,"parent":0,"menu_order":42,"comment_status":"closed","ping_status":"closed","template":"","meta":{"_acf_changed":false,"footnotes":""},"class_list":["post-46","page","type-page","status-publish","has-post-thumbnail","hentry"],"acf":[],"yoast_head":"<!-- This site is optimized with the Yoast SEO plugin v27.3 - https:\/\/yoast.com\/product\/yoast-seo-wordpress\/ -->\n<title>Location | Provocateur Hotel Berlin teil von Sircle Collection<\/title>\n<meta name=\"description\" content=\"Das Provocateur Hotel Berlin ist zentral gelegen und unweit zum Kurf\u00fcrstendamm, bekannt f\u00fcr seine gro\u00dfe Vielfalt an Gesch\u00e4ften, Restaurants, Caf\u00e9s und Bars.\" \/>\n<meta name=\"robots\" content=\"index, follow, max-snippet:-1, max-image-preview:large, max-video-preview:-1\" \/>\n<link rel=\"canonical\" href=\"https:\/\/www.provocateur-hotel.com\/de\/location\/\" \/>\n<meta property=\"og:locale\" content=\"de_DE\" \/>\n<meta property=\"og:type\" content=\"article\" \/>\n<meta property=\"og:title\" content=\"Location | Provocateur Hotel Berlin teil von Sircle Collection\" \/>\n<meta property=\"og:description\" content=\"Das Provocateur Hotel Berlin ist zentral gelegen und unweit zum Kurf\u00fcrstendamm, bekannt f\u00fcr seine gro\u00dfe Vielfalt an Gesch\u00e4ften, Restaurants, Caf\u00e9s und Bars.\" \/>\n<meta property=\"og:url\" content=\"https:\/\/www.provocateur-hotel.com\/de\/location\/\" \/>\n<meta property=\"og:site_name\" content=\"Provocateur Hotel Berlin\" \/>\n<meta property=\"article:publisher\" content=\"https:\/\/www.facebook.com\/provocateurhotel\/\" \/>\n<meta property=\"article:modified_time\" content=\"2025-05-07T09:55:06+00:00\" \/>\n<meta property=\"og:image\" content=\"https:\/\/www.provocateur-hotel.com\/wp-content\/uploads\/2021\/12\/PROVOCATEUR-139.jpg\" \/>\n\t<meta property=\"og:image:width\" content=\"5031\" \/>\n\t<meta property=\"og:image:height\" content=\"3354\" \/>\n\t<meta property=\"og:image:type\" content=\"image\/jpeg\" \/>\n<meta name=\"twitter:card\" content=\"summary_large_image\" \/>\n<meta name=\"twitter:label1\" content=\"Gesch\u00e4tzte Lesezeit\" \/>\n\t<meta name=\"twitter:data1\" content=\"1\u00a0Minute\" \/>\n<script type=\"application\/ld+json\" class=\"yoast-schema-graph\">{\"@context\":\"https:\\\/\\\/schema.org\",\"@graph\":[{\"@type\":\"WebPage\",\"@id\":\"https:\\\/\\\/www.provocateur-hotel.com\\\/de\\\/location\\\/\",\"url\":\"https:\\\/\\\/www.provocateur-hotel.com\\\/de\\\/location\\\/\",\"name\":\"Location | Provocateur Hotel Berlin teil von Sircle Collection\",\"isPartOf\":{\"@id\":\"https:\\\/\\\/www.provocateur-hotel.com\\\/de\\\/#website\"},\"primaryImageOfPage\":{\"@id\":\"https:\\\/\\\/www.provocateur-hotel.com\\\/de\\\/location\\\/#primaryimage\"},\"image\":{\"@id\":\"https:\\\/\\\/www.provocateur-hotel.com\\\/de\\\/location\\\/#primaryimage\"},\"thumbnailUrl\":\"https:\\\/\\\/www.provocateur-hotel.com\\\/wp-content\\\/uploads\\\/2021\\\/12\\\/PROVOCATEUR-139.jpg\",\"datePublished\":\"2017-01-31T14:04:15+00:00\",\"dateModified\":\"2025-05-07T09:55:06+00:00\",\"description\":\"Das Provocateur Hotel Berlin ist zentral gelegen und unweit zum Kurf\u00fcrstendamm, bekannt f\u00fcr seine gro\u00dfe Vielfalt an Gesch\u00e4ften, Restaurants, Caf\u00e9s und Bars.\",\"breadcrumb\":{\"@id\":\"https:\\\/\\\/www.provocateur-hotel.com\\\/de\\\/location\\\/#breadcrumb\"},\"inLanguage\":\"de\",\"potentialAction\":[{\"@type\":\"ReadAction\",\"target\":[\"https:\\\/\\\/www.provocateur-hotel.com\\\/de\\\/location\\\/\"]}]},{\"@type\":\"ImageObject\",\"inLanguage\":\"de\",\"@id\":\"https:\\\/\\\/www.provocateur-hotel.com\\\/de\\\/location\\\/#primaryimage\",\"url\":\"https:\\\/\\\/www.provocateur-hotel.com\\\/wp-content\\\/uploads\\\/2021\\\/12\\\/PROVOCATEUR-139.jpg\",\"contentUrl\":\"https:\\\/\\\/www.provocateur-hotel.com\\\/wp-content\\\/uploads\\\/2021\\\/12\\\/PROVOCATEUR-139.jpg\",\"width\":\"5031\",\"height\":\"3354\",\"caption\":\"Provocateur Berlin Au\u00dfenansicht\"},{\"@type\":\"BreadcrumbList\",\"@id\":\"https:\\\/\\\/www.provocateur-hotel.com\\\/de\\\/location\\\/#breadcrumb\",\"itemListElement\":[{\"@type\":\"ListItem\",\"position\":1,\"name\":\"Startseite\",\"item\":\"https:\\\/\\\/www.provocateur-hotel.com\\\/de\\\/\"},{\"@type\":\"ListItem\",\"position\":2,\"name\":\"Location\"}]},{\"@type\":\"WebSite\",\"@id\":\"https:\\\/\\\/www.provocateur-hotel.com\\\/de\\\/#website\",\"url\":\"https:\\\/\\\/www.provocateur-hotel.com\\\/de\\\/\",\"name\":\"Provocateur Hotel Berlin\",\"description\":\"\",\"potentialAction\":[{\"@type\":\"SearchAction\",\"target\":{\"@type\":\"EntryPoint\",\"urlTemplate\":\"https:\\\/\\\/www.provocateur-hotel.com\\\/de\\\/?s={search_term_string}\"},\"query-input\":{\"@type\":\"PropertyValueSpecification\",\"valueRequired\":true,\"valueName\":\"search_term_string\"}}],\"inLanguage\":\"de\"}]}<\/script>\n<!-- \/ Yoast SEO plugin. -->","yoast_head_json":{"title":"Location | Provocateur Hotel Berlin teil von Sircle Collection","description":"Das Provocateur Hotel Berlin ist zentral gelegen und unweit zum Kurf\u00fcrstendamm, bekannt f\u00fcr seine gro\u00dfe Vielfalt an Gesch\u00e4ften, Restaurants, Caf\u00e9s und Bars.","robots":{"index":"index","follow":"follow","max-snippet":"max-snippet:-1","max-image-preview":"max-image-preview:large","max-video-preview":"max-video-preview:-1"},"canonical":"https:\/\/www.provocateur-hotel.com\/de\/location\/","og_locale":"de_DE","og_type":"article","og_title":"Location | Provocateur Hotel Berlin teil von Sircle Collection","og_description":"Das Provocateur Hotel Berlin ist zentral gelegen und unweit zum Kurf\u00fcrstendamm, bekannt f\u00fcr seine gro\u00dfe Vielfalt an Gesch\u00e4ften, Restaurants, Caf\u00e9s und Bars.","og_url":"https:\/\/www.provocateur-hotel.com\/de\/location\/","og_site_name":"Provocateur Hotel Berlin","article_publisher":"https:\/\/www.facebook.com\/provocateurhotel\/","article_modified_time":"2025-05-07T09:55:06+00:00","og_image":[{"width":5031,"height":3354,"url":"https:\/\/www.provocateur-hotel.com\/wp-content\/uploads\/2021\/12\/PROVOCATEUR-139.jpg","type":"image\/jpeg"}],"twitter_card":"summary_large_image","twitter_misc":{"Gesch\u00e4tzte Lesezeit":"1\u00a0Minute"},"schema":{"@context":"https:\/\/schema.org","@graph":[{"@type":"WebPage","@id":"https:\/\/www.provocateur-hotel.com\/de\/location\/","url":"https:\/\/www.provocateur-hotel.com\/de\/location\/","name":"Location | Provocateur Hotel Berlin teil von Sircle Collection","isPartOf":{"@id":"https:\/\/www.provocateur-hotel.com\/de\/#website"},"primaryImageOfPage":{"@id":"https:\/\/www.provocateur-hotel.com\/de\/location\/#primaryimage"},"image":{"@id":"https:\/\/www.provocateur-hotel.com\/de\/location\/#primaryimage"},"thumbnailUrl":"https:\/\/www.provocateur-hotel.com\/wp-content\/uploads\/2021\/12\/PROVOCATEUR-139.jpg","datePublished":"2017-01-31T14:04:15+00:00","dateModified":"2025-05-07T09:55:06+00:00","description":"Das Provocateur Hotel Berlin ist zentral gelegen und unweit zum Kurf\u00fcrstendamm, bekannt f\u00fcr seine gro\u00dfe Vielfalt an Gesch\u00e4ften, Restaurants, Caf\u00e9s und Bars.","breadcrumb":{"@id":"https:\/\/www.provocateur-hotel.com\/de\/location\/#breadcrumb"},"inLanguage":"de","potentialAction":[{"@type":"ReadAction","target":["https:\/\/www.provocateur-hotel.com\/de\/location\/"]}]},{"@type":"ImageObject","inLanguage":"de","@id":"https:\/\/www.provocateur-hotel.com\/de\/location\/#primaryimage","url":"https:\/\/www.provocateur-hotel.com\/wp-content\/uploads\/2021\/12\/PROVOCATEUR-139.jpg","contentUrl":"https:\/\/www.provocateur-hotel.com\/wp-content\/uploads\/2021\/12\/PROVOCATEUR-139.jpg","width":"5031","height":"3354","caption":"Provocateur Berlin Au\u00dfenansicht"},{"@type":"BreadcrumbList","@id":"https:\/\/www.provocateur-hotel.com\/de\/location\/#breadcrumb","itemListElement":[{"@type":"ListItem","position":1,"name":"Startseite","item":"https:\/\/www.provocateur-hotel.com\/de\/"},{"@type":"ListItem","position":2,"name":"Location"}]},{"@type":"WebSite","@id":"https:\/\/www.provocateur-hotel.com\/de\/#website","url":"https:\/\/www.provocateur-hotel.com\/de\/","name":"Provocateur Hotel Berlin","description":"","potentialAction":[{"@type":"SearchAction","target":{"@type":"EntryPoint","urlTemplate":"https:\/\/www.provocateur-hotel.com\/de\/?s={search_term_string}"},"query-input":{"@type":"PropertyValueSpecification","valueRequired":true,"valueName":"search_term_string"}}],"inLanguage":"de"}]}},"_links":{"self":[{"href":"https:\/\/www.provocateur-hotel.com\/de\/wp-json\/wp\/v2\/pages\/46","targetHints":{"allow":["GET"]}}],"collection":[{"href":"https:\/\/www.provocateur-hotel.com\/de\/wp-json\/wp\/v2\/pages"}],"about":[{"href":"https:\/\/www.provocateur-hotel.com\/de\/wp-json\/wp\/v2\/types\/page"}],"author":[{"embeddable":true,"href":"https:\/\/www.provocateur-hotel.com\/de\/wp-json\/wp\/v2\/users\/1"}],"replies":[{"embeddable":true,"href":"https:\/\/www.provocateur-hotel.com\/de\/wp-json\/wp\/v2\/comments?post=46"}],"version-history":[{"count":22,"href":"https:\/\/www.provocateur-hotel.com\/de\/wp-json\/wp\/v2\/pages\/46\/revisions"}],"predecessor-version":[{"id":7056,"href":"https:\/\/www.provocateur-hotel.com\/de\/wp-json\/wp\/v2\/pages\/46\/revisions\/7056"}],"wp:featuredmedia":[{"embeddable":true,"href":"https:\/\/www.provocateur-hotel.com\/de\/wp-json\/wp\/v2\/media\/4472"}],"wp:attachment":[{"href":"https:\/\/www.provocateur-hotel.com\/de\/wp-json\/wp\/v2\/media?parent=46"}],"curies":[{"name":"wp","href":"https:\/\/api.w.org\/{rel}","templated":true}]}}