{"id":50,"date":"2017-01-31T15:06:03","date_gmt":"2017-01-31T14:06:03","guid":{"rendered":"http:\/\/demo7.wall-it.de\/?page_id=50"},"modified":"2025-07-25T13:10:08","modified_gmt":"2025-07-25T11:10:08","slug":"provocateur-bar","status":"publish","type":"page","link":"https:\/\/www.provocateur-hotel.com\/de\/provocateur-bar\/","title":{"rendered":"Bar"},"content":{"rendered":"<div class=\"wpb-content-wrapper\"><p>[vc_row][vc_column][vc_column_text css=&#8220;&#8220;]<\/p>\n<h2 style=\"text-align: center;\"><i>F\u00fcr alle, die mehr wollen <\/i><strong>als nur einen Drink<\/strong><i><br \/>\n<\/i><\/h2>\n<p>[\/vc_column_text][vc_column_text css=&#8220;&#8220;]<\/p>\n<p class=\"p1\" style=\"text-align: center;\">Ob zum Auftakt mit einem Signature-Cocktail oder f\u00fcr den letzten Drink der Nacht \u2013 das hier ist keine gew\u00f6hnliche Hotelbar. Denn im Provocateur passiert nichts Allt\u00e4gliches.<\/p>\n<p>[\/vc_column_text][vc_gallery type=&#8220;flexslider_slide&#8220; interval=&#8220;5&#8243; images=&#8220;6461,6465,6463&#8243; img_size=&#8220;full&#8220; onclick=&#8220;&#8220; css=&#8220;&#8220;][vc_column_text css=&#8220;&#8220;]<\/p>\n<p style=\"text-align: center;\">Mit ihrem goldenen, glitzernden Interieur zieht diese Bar einen sofort in den Bann \u2013 und l\u00e4sst einen nur ungern wieder gehen. Auf der Karte: kreative Interpretationen klassischer Cocktails. Die Regel hier ist einfach: Genie\u00dfen \u2013 die Drinks, den Moment, den Abend.<\/p>\n<p>[\/vc_column_text][vc_column_text css=&#8220;&#8220;]<\/p>\n<p style=\"text-align: center;\">\u00a0<a class=\"prov-button\" href=\"https:\/\/www.provocateur-hotel.com\/downloads\/provocateur-berlin-drinks.pdf\" target=\"_blank\" rel=\"noopener\">trinken<\/a> <a class=\"prov-button\" href=\"https:\/\/www.provocateur-hotel.com\/downloads\/provocateur-berlin-bar-snacks.pdf\" target=\"_blank\" rel=\"noopener\">ESSEN<\/a><\/p>\n<p>[\/vc_column_text][vc_column_text]<\/p>\n<h4 style=\"text-align: center;\">Awards<\/h4>\n<p style=\"text-align: center;\"><a href=\"https:\/\/mixology.eu\/mixology-bar-awards-2024-gewinner\/\">Mixology Bar Awards 2024<\/a>: &#8222;Hotel Bar of the Year&#8220; &amp; unsere Barkeeperin Roxanne Helm als &#8222;Newcomer of the Year&#8220;<br \/>\n<a href=\"https:\/\/www.top500bars.com\/\">Top 500 Bars der Welt 2023<\/a>: Platz 203<br \/>\n<a href=\"https:\/\/www.top500bars.com\/\">Top 500 Bars der Welt 2022<\/a>: Platz 280<br \/>\n<a href=\"https:\/\/mixology.eu\/mixology-bar-awards-2019-gewinner\/\" target=\"_blank\" rel=\"noopener\">Mixology Bar Awards 2019<\/a>: &#8222;Hotel Bar of the Year&#8220; &amp; &#8222;Bar Team of the Year&#8220;<\/p>\n<p>[\/vc_column_text][vc_column_text css=&#8220;&#8220;]<\/p>\n<h4 style=\"text-align: center;\">\u00d6ffnungszeiten<\/h4>\n<p style=\"text-align: center;\">Sonntag und Montag geschlossen<br \/>\nAn anderen Tagen von 18:00 Uhr bis sp\u00e4t<\/p>\n<p>[\/vc_column_text][vc_column_text css=&#8220;&#8220;]<\/p>\n<h4 style=\"text-align: center;\">Kontakt<\/h4>\n<p style=\"text-align: center;\"><a class=\"\" title=\"mailto:Dennis.Keiner@provocateur-hotel.com\" href=\"mailto:event@provocateur-hotel.com\">event@provocateur-hotel.com<\/a><\/p>\n<p>[\/vc_column_text][vc_column_text css=&#8220;&#8220;]<\/p>\n<h4 style=\"text-align: center;\">Kontakt<\/h4>\n<p style=\"text-align: center;\"><a class=\"\" title=\"mailto:Dennis.Keiner@provocateur-hotel.com\" href=\"mailto:event@provocateur-hotel.com\">event@provocateur-hotel.com<\/a><\/p>\n<p>[\/vc_column_text][\/vc_column][\/vc_row][vc_row][vc_column][\/vc_column][\/vc_row]<\/p>\n<\/div>","protected":false},"excerpt":{"rendered":"<p>[vc_row][vc_column][vc_column_text css=&#8220;&#8220;] F\u00fcr alle, die mehr wollen als nur einen Drink [\/vc_column_text][vc_column_text css=&#8220;&#8220;] Ob zum Auftakt mit einem Signature-Cocktail oder f\u00fcr den letzten Drink der Nacht \u2013 das hier ist keine gew\u00f6hnliche Hotelbar. Denn im Provocateur passiert nichts Allt\u00e4gliches. [\/vc_column_text][vc_gallery type=&#8220;flexslider_slide&#8220; interval=&#8220;5&#8243; images=&#8220;6461,6465,6463&#8243; img_size=&#8220;full&#8220; onclick=&#8220;&#8220; css=&#8220;&#8220;][vc_column_text css=&#8220;&#8220;] Mit ihrem goldenen, glitzernden Interieur zieht diese Bar [&hellip;]<\/p>\n","protected":false},"author":1,"featured_media":5529,"parent":0,"menu_order":12,"comment_status":"closed","ping_status":"closed","template":"","meta":{"_acf_changed":false,"footnotes":""},"class_list":["post-50","page","type-page","status-publish","has-post-thumbnail","hentry"],"acf":[],"yoast_head":"<!-- This site is optimized with the Yoast SEO plugin v27.5 - https:\/\/yoast.com\/product\/yoast-seo-wordpress\/ -->\n<title>Provocateur Bar | Provocateur Hotel Berlin teil von Sircle Collection<\/title>\n<meta name=\"description\" content=\"Die Provocateur Bar mitten in Berlin spricht all Ihre Sinne an. Genie\u00dfen Sie in der &quot;Hotel Bar of the Year 2024&quot; mit burlesken Ambiente au\u00dfergew\u00f6hnliche Drinks.\" \/>\n<meta name=\"robots\" content=\"index, follow, max-snippet:-1, max-image-preview:large, max-video-preview:-1\" \/>\n<link rel=\"canonical\" href=\"https:\/\/www.provocateur-hotel.com\/de\/provocateur-bar\/\" \/>\n<meta property=\"og:locale\" content=\"de_DE\" \/>\n<meta property=\"og:type\" content=\"article\" \/>\n<meta property=\"og:title\" content=\"Provocateur Bar | Provocateur Hotel Berlin teil von Sircle Collection\" \/>\n<meta property=\"og:description\" content=\"Die Provocateur Bar mitten in Berlin spricht all Ihre Sinne an. Genie\u00dfen Sie in der &quot;Hotel Bar of the Year 2024&quot; mit burlesken Ambiente au\u00dfergew\u00f6hnliche Drinks.\" \/>\n<meta property=\"og:url\" content=\"https:\/\/www.provocateur-hotel.com\/de\/provocateur-bar\/\" \/>\n<meta property=\"og:site_name\" content=\"Provocateur Hotel Berlin\" \/>\n<meta property=\"article:publisher\" content=\"https:\/\/www.facebook.com\/provocateurhotel\/\" \/>\n<meta property=\"article:modified_time\" content=\"2025-07-25T11:10:08+00:00\" \/>\n<meta property=\"og:image\" content=\"https:\/\/www.provocateur-hotel.com\/wp-content\/uploads\/2022\/06\/provocateur-berlin-bar-1.jpg\" \/>\n\t<meta property=\"og:image:width\" content=\"1000\" \/>\n\t<meta property=\"og:image:height\" content=\"450\" \/>\n\t<meta property=\"og:image:type\" content=\"image\/jpeg\" \/>\n<meta name=\"twitter:card\" content=\"summary_large_image\" \/>\n<meta name=\"twitter:label1\" content=\"Gesch\u00e4tzte Lesezeit\" \/>\n\t<meta name=\"twitter:data1\" content=\"2\u00a0Minuten\" \/>\n<script type=\"application\/ld+json\" class=\"yoast-schema-graph\">{\"@context\":\"https:\\\/\\\/schema.org\",\"@graph\":[{\"@type\":\"WebPage\",\"@id\":\"https:\\\/\\\/www.provocateur-hotel.com\\\/de\\\/provocateur-bar\\\/\",\"url\":\"https:\\\/\\\/www.provocateur-hotel.com\\\/de\\\/provocateur-bar\\\/\",\"name\":\"Provocateur Bar | Provocateur Hotel Berlin teil von Sircle Collection\",\"isPartOf\":{\"@id\":\"https:\\\/\\\/www.provocateur-hotel.com\\\/de\\\/#website\"},\"primaryImageOfPage\":{\"@id\":\"https:\\\/\\\/www.provocateur-hotel.com\\\/de\\\/provocateur-bar\\\/#primaryimage\"},\"image\":{\"@id\":\"https:\\\/\\\/www.provocateur-hotel.com\\\/de\\\/provocateur-bar\\\/#primaryimage\"},\"thumbnailUrl\":\"https:\\\/\\\/www.provocateur-hotel.com\\\/wp-content\\\/uploads\\\/2022\\\/06\\\/provocateur-berlin-bar-1.jpg\",\"datePublished\":\"2017-01-31T14:06:03+00:00\",\"dateModified\":\"2025-07-25T11:10:08+00:00\",\"description\":\"Die Provocateur Bar mitten in Berlin spricht all Ihre Sinne an. Genie\u00dfen Sie in der \\\"Hotel Bar of the Year 2024\\\" mit burlesken Ambiente au\u00dfergew\u00f6hnliche Drinks.\",\"breadcrumb\":{\"@id\":\"https:\\\/\\\/www.provocateur-hotel.com\\\/de\\\/provocateur-bar\\\/#breadcrumb\"},\"inLanguage\":\"de\",\"potentialAction\":[{\"@type\":\"ReadAction\",\"target\":[\"https:\\\/\\\/www.provocateur-hotel.com\\\/de\\\/provocateur-bar\\\/\"]}]},{\"@type\":\"ImageObject\",\"inLanguage\":\"de\",\"@id\":\"https:\\\/\\\/www.provocateur-hotel.com\\\/de\\\/provocateur-bar\\\/#primaryimage\",\"url\":\"https:\\\/\\\/www.provocateur-hotel.com\\\/wp-content\\\/uploads\\\/2022\\\/06\\\/provocateur-berlin-bar-1.jpg\",\"contentUrl\":\"https:\\\/\\\/www.provocateur-hotel.com\\\/wp-content\\\/uploads\\\/2022\\\/06\\\/provocateur-berlin-bar-1.jpg\",\"width\":\"1000\",\"height\":\"450\"},{\"@type\":\"BreadcrumbList\",\"@id\":\"https:\\\/\\\/www.provocateur-hotel.com\\\/de\\\/provocateur-bar\\\/#breadcrumb\",\"itemListElement\":[{\"@type\":\"ListItem\",\"position\":1,\"name\":\"Startseite\",\"item\":\"https:\\\/\\\/www.provocateur-hotel.com\\\/de\\\/\"},{\"@type\":\"ListItem\",\"position\":2,\"name\":\"Bar\"}]},{\"@type\":\"WebSite\",\"@id\":\"https:\\\/\\\/www.provocateur-hotel.com\\\/de\\\/#website\",\"url\":\"https:\\\/\\\/www.provocateur-hotel.com\\\/de\\\/\",\"name\":\"Provocateur Hotel Berlin\",\"description\":\"\",\"potentialAction\":[{\"@type\":\"SearchAction\",\"target\":{\"@type\":\"EntryPoint\",\"urlTemplate\":\"https:\\\/\\\/www.provocateur-hotel.com\\\/de\\\/?s={search_term_string}\"},\"query-input\":{\"@type\":\"PropertyValueSpecification\",\"valueRequired\":true,\"valueName\":\"search_term_string\"}}],\"inLanguage\":\"de\"}]}<\/script>\n<!-- \/ Yoast SEO plugin. -->","yoast_head_json":{"title":"Provocateur Bar | Provocateur Hotel Berlin teil von Sircle Collection","description":"Die Provocateur Bar mitten in Berlin spricht all Ihre Sinne an. Genie\u00dfen Sie in der \"Hotel Bar of the Year 2024\" mit burlesken Ambiente au\u00dfergew\u00f6hnliche Drinks.","robots":{"index":"index","follow":"follow","max-snippet":"max-snippet:-1","max-image-preview":"max-image-preview:large","max-video-preview":"max-video-preview:-1"},"canonical":"https:\/\/www.provocateur-hotel.com\/de\/provocateur-bar\/","og_locale":"de_DE","og_type":"article","og_title":"Provocateur Bar | Provocateur Hotel Berlin teil von Sircle Collection","og_description":"Die Provocateur Bar mitten in Berlin spricht all Ihre Sinne an. Genie\u00dfen Sie in der \"Hotel Bar of the Year 2024\" mit burlesken Ambiente au\u00dfergew\u00f6hnliche Drinks.","og_url":"https:\/\/www.provocateur-hotel.com\/de\/provocateur-bar\/","og_site_name":"Provocateur Hotel Berlin","article_publisher":"https:\/\/www.facebook.com\/provocateurhotel\/","article_modified_time":"2025-07-25T11:10:08+00:00","og_image":[{"width":1000,"height":450,"url":"https:\/\/www.provocateur-hotel.com\/wp-content\/uploads\/2022\/06\/provocateur-berlin-bar-1.jpg","type":"image\/jpeg"}],"twitter_card":"summary_large_image","twitter_misc":{"Gesch\u00e4tzte Lesezeit":"2\u00a0Minuten"},"schema":{"@context":"https:\/\/schema.org","@graph":[{"@type":"WebPage","@id":"https:\/\/www.provocateur-hotel.com\/de\/provocateur-bar\/","url":"https:\/\/www.provocateur-hotel.com\/de\/provocateur-bar\/","name":"Provocateur Bar | Provocateur Hotel Berlin teil von Sircle Collection","isPartOf":{"@id":"https:\/\/www.provocateur-hotel.com\/de\/#website"},"primaryImageOfPage":{"@id":"https:\/\/www.provocateur-hotel.com\/de\/provocateur-bar\/#primaryimage"},"image":{"@id":"https:\/\/www.provocateur-hotel.com\/de\/provocateur-bar\/#primaryimage"},"thumbnailUrl":"https:\/\/www.provocateur-hotel.com\/wp-content\/uploads\/2022\/06\/provocateur-berlin-bar-1.jpg","datePublished":"2017-01-31T14:06:03+00:00","dateModified":"2025-07-25T11:10:08+00:00","description":"Die Provocateur Bar mitten in Berlin spricht all Ihre Sinne an. Genie\u00dfen Sie in der \"Hotel Bar of the Year 2024\" mit burlesken Ambiente au\u00dfergew\u00f6hnliche Drinks.","breadcrumb":{"@id":"https:\/\/www.provocateur-hotel.com\/de\/provocateur-bar\/#breadcrumb"},"inLanguage":"de","potentialAction":[{"@type":"ReadAction","target":["https:\/\/www.provocateur-hotel.com\/de\/provocateur-bar\/"]}]},{"@type":"ImageObject","inLanguage":"de","@id":"https:\/\/www.provocateur-hotel.com\/de\/provocateur-bar\/#primaryimage","url":"https:\/\/www.provocateur-hotel.com\/wp-content\/uploads\/2022\/06\/provocateur-berlin-bar-1.jpg","contentUrl":"https:\/\/www.provocateur-hotel.com\/wp-content\/uploads\/2022\/06\/provocateur-berlin-bar-1.jpg","width":"1000","height":"450"},{"@type":"BreadcrumbList","@id":"https:\/\/www.provocateur-hotel.com\/de\/provocateur-bar\/#breadcrumb","itemListElement":[{"@type":"ListItem","position":1,"name":"Startseite","item":"https:\/\/www.provocateur-hotel.com\/de\/"},{"@type":"ListItem","position":2,"name":"Bar"}]},{"@type":"WebSite","@id":"https:\/\/www.provocateur-hotel.com\/de\/#website","url":"https:\/\/www.provocateur-hotel.com\/de\/","name":"Provocateur Hotel Berlin","description":"","potentialAction":[{"@type":"SearchAction","target":{"@type":"EntryPoint","urlTemplate":"https:\/\/www.provocateur-hotel.com\/de\/?s={search_term_string}"},"query-input":{"@type":"PropertyValueSpecification","valueRequired":true,"valueName":"search_term_string"}}],"inLanguage":"de"}]}},"_links":{"self":[{"href":"https:\/\/www.provocateur-hotel.com\/de\/wp-json\/wp\/v2\/pages\/50","targetHints":{"allow":["GET"]}}],"collection":[{"href":"https:\/\/www.provocateur-hotel.com\/de\/wp-json\/wp\/v2\/pages"}],"about":[{"href":"https:\/\/www.provocateur-hotel.com\/de\/wp-json\/wp\/v2\/types\/page"}],"author":[{"embeddable":true,"href":"https:\/\/www.provocateur-hotel.com\/de\/wp-json\/wp\/v2\/users\/1"}],"replies":[{"embeddable":true,"href":"https:\/\/www.provocateur-hotel.com\/de\/wp-json\/wp\/v2\/comments?post=50"}],"version-history":[{"count":176,"href":"https:\/\/www.provocateur-hotel.com\/de\/wp-json\/wp\/v2\/pages\/50\/revisions"}],"predecessor-version":[{"id":7163,"href":"https:\/\/www.provocateur-hotel.com\/de\/wp-json\/wp\/v2\/pages\/50\/revisions\/7163"}],"wp:featuredmedia":[{"embeddable":true,"href":"https:\/\/www.provocateur-hotel.com\/de\/wp-json\/wp\/v2\/media\/5529"}],"wp:attachment":[{"href":"https:\/\/www.provocateur-hotel.com\/de\/wp-json\/wp\/v2\/media?parent=50"}],"curies":[{"name":"wp","href":"https:\/\/api.w.org\/{rel}","templated":true}]}}