{"id":52,"date":"2017-01-31T15:06:13","date_gmt":"2017-01-31T14:06:13","guid":{"rendered":"http:\/\/demo7.wall-it.de\/?page_id=52"},"modified":"2025-08-25T14:56:33","modified_gmt":"2025-08-25T12:56:33","slug":"restaurant","status":"publish","type":"page","link":"https:\/\/www.provocateur-hotel.com\/de\/restaurant\/","title":{"rendered":"Restaurant"},"content":{"rendered":"<div class=\"wpb-content-wrapper\"><p>[vc_row][vc_column][\/vc_column][\/vc_row][vc_row][vc_column][vc_column_text css=&#8220;&#8220;]<\/p>\n<h2 style=\"text-align: center;\"><i>Klassik neu <\/i><strong>gedacht<\/strong><\/h2>\n<p>[\/vc_column_text][vc_column_text css=&#8220;&#8220;]<\/p>\n<p class=\"p1\" style=\"text-align: center;\">Unter der Leitung des Berliner Starkochs \u00a0<a href=\"https:\/\/www.provocateur-hotel.com\/de\/?p=639\" target=\"_blank\" rel=\"noopener noreferrer\"><strong>The Duc Ngo<\/strong><\/a> serviert das Golden Phoenix einzigartige franz\u00f6sisch-asiatische K\u00fcche \u2013 in einem beeindruckenden Ambiente mit asiatisch inspiriertem Design und goldener Lounge. Freuen Sie sich auf ausdrucksstarke Dim Sum, kreative Cocktails und stilvolle Late-Night-Bites.<\/p>\n<p>[\/vc_column_text][vc_column_text css=&#8220;&#8220;]<\/p>\n<p style=\"text-align: center;\"><a class=\"prov-button\" href=\"http:\/\/provocateur-hotel.com\/downloads\/goldenphoenix-berlin.pdf\" target=\"_blank\" rel=\"noopener noreferrer\">Menu<\/a> <a class=\"prov-button\" href=\"https:\/\/www.provocateur-hotel.com\/downloads\/provocateur-berlin-wine.pdf\" target=\"_blank\" rel=\"noopener\">Wine<\/a><\/p>\n<p style=\"text-align: center;\">Unsere aktuelle Karte und Specials \u2013 auch to go.<\/p>\n<p>[\/vc_column_text][vc_gallery type=&#8220;flexslider_slide&#8220; interval=&#8220;5&#8243; images=&#8220;6700,6692,3969,6698,6694,3971,6690,6696,4053&#8243; img_size=&#8220;full&#8220; onclick=&#8220;&#8220; css=&#8220;&#8220;][vc_column_text css=&#8220;&#8220;]<\/p>\n<p style=\"text-align: center;\">Die Aromen spielen mit der Balance \u2013 salzig, s\u00fc\u00df, bitter und sauer \u2013 verfeinert durch die Eleganz der chinesischen K\u00fcche und erg\u00e4nzt mit franz\u00f6sischer Finesse. Tiefe, w\u00fcrzige Noten von Sternanis, Zimt und getrockneten Pilzen treffen auf die kr\u00e4ftige S\u00e4ure schwarzer und fermentierter Essige sowie die Umami-W\u00e4rme von Sojasauce. Abgerundet wird alles durch die sanfte, buttrige Pr\u00e4zision franz\u00f6sischer Technik.<\/p>\n<p style=\"text-align: center;\">Unser Restaurant wurde von OpenTable-G\u00e4sten als<span class=\"\">\u00a0<a href=\"https:\/\/www.opentable.de\/r\/golden-phoenix-reservations-berlin?restref=134319&amp;lang=de-DE&amp;ot_source=Restaurant%20website\" target=\"_blank\" rel=\"noopener\">eines der besten<\/a>\u00a0ausgezeichnet.<\/span><\/p>\n<p>[\/vc_column_text][vc_column_text]<\/p>\n<h4 style=\"text-align: center;\">Contact us<\/h4>\n<p style=\"text-align: center;\"><a href=\"tel:+4915164625945\">T +49 151 64625945<\/a><br \/>\n<a href=\"mailto:hello@goldenphoenix.berlin\">hello@goldenphoenix.berlin<\/a><\/p>\n<p style=\"text-align: center;\"><a class=\"prov-button\" href=\"https:\/\/www.opentable.de\/restaurant\/profile\/134319\/reserve\/?rid=134319&amp;restref=134319&amp;corrid=6a9706ef-1259-444d-946c-8adf3d818e45\" target=\"_blank\" rel=\"noopener noreferrer\">book a table<\/a><\/p>\n<p>[\/vc_column_text][vc_single_image image=&#8220;655&#8243; img_size=&#8220;330&#215;95&#8243; alignment=&#8220;center&#8220;][vc_column_text]<\/p>\n<h4 style=\"text-align: center;\">Opening Times<\/h4>\n<p style=\"text-align: center;\">Dienstag &#8211; Samstag 18:00 bis sp\u00e4t<\/p>\n<p>[\/vc_column_text][vc_column_text css=&#8220;&#8220;]<\/p>\n<h4 style=\"text-align: center;\">Looong Mornings<\/h4>\n<p style=\"text-align: center;\"><span data-sheets-root=\"1\">Der Morgen beginnt, wenn Sie bereit sind. Keine Sorge, dass Fr\u00fchst\u00fcck wartet auf Sie.<\/span><\/p>\n<p style=\"text-align: center;\"><strong>Fr\u00fchst\u00fcckszeiten<\/strong><\/p>\n<p style=\"text-align: center;\">\u00d6ffnungszeiten: Mo &#8211; Fr 7:00 bis 11:30,<br \/>\nSa &amp; So 8:00 bis 13:00)<\/p>\n<p style=\"text-align: center;\">Provocateur-G\u00e4ste und Locals k\u00f6nnen ihr Fr\u00fchst\u00fcck \u00e0 la carte im Golden Phoenix genie\u00dfen.<\/p>\n<p class=\"imageInText\" style=\"text-align: center;\"><a class=\"prov-button\" href=\"https:\/\/www.provocateur-hotel.com\/wp-content\/uploads\/2025\/08\/GER-Provocateur-Menu.pdf\" target=\"_blank\" rel=\"noopener\"><span data-sheets-root=\"1\">Men\u00fc<\/span><\/a><\/p>\n<p>[\/vc_column_text][vc_column_text css=&#8220;&#8220;]<\/p>\n<h4 style=\"text-align: center;\">Ihnen ist Privatsph\u00e4re wichtig?<\/h4>\n<p style=\"text-align: center;\"><span data-sheets-root=\"1\">Ob im Golden Phoenix oder in der La Cave \u2013 vermutlich eine der exklusivsten Locations Berlins, direkt auf unserer unteren Katakomben.<br \/>\nDer rohe Charme des Raums verleiht jedem Event eine ganz besondere Note und sorgt f\u00fcr einen unvergesslichen Abend.<br \/>\nGenie\u00dfe ein Dinner oder ein Flying Men\u00fc aus unserem Restaurant Golden Phoenix in intimer Atmosph\u00e4re.<\/span><\/p>\n<p style=\"text-align: center;\"><a href=\"tel:+49 1604742988\">T +49 160 4742988<\/a><br \/>\n<a href=\"mailto:event@provocateur-hotel.com\">event@provocateur-hotel.com<\/a><\/p>\n<p>[\/vc_column_text][vc_column_text]<\/p>\n<h4 style=\"text-align: center;\">Who is The Duc Ngo?<\/h4>\n<p>[\/vc_column_text][vc_gallery type=&#8220;flexslider_slide&#8220; interval=&#8220;5&#8243; images=&#8220;13&#8243; img_size=&#8220;full&#8220; onclick=&#8220;&#8220;][vc_column_text css=&#8220;&#8220;]<\/p>\n<p style=\"text-align: center;\"><span data-sheets-root=\"1\">Eine ganze Menge Schweinerei.\u201c \u2013 so antwortete The Duc Ngo auf die Frage, welche Art von Gerichten im Golden Phoenix serviert wird.<br \/>\nHier geht es zum vollst\u00e4ndige Interview mit dem Spitzenkoch.<\/span><\/p>\n<p>[\/vc_column_text][vc_column_text]<\/p>\n<p style=\"text-align: center;\"><a class=\"prov-button\" href=\"https:\/\/www.provocateur-hotel.com\/de\/?p=639\" rel=\"noopener noreferrer\">INTERVIEW<\/a><\/p>\n<p>[\/vc_column_text][\/vc_column][\/vc_row]<\/p>\n<\/div>","protected":false},"excerpt":{"rendered":"<p>[vc_row][vc_column][\/vc_column][\/vc_row][vc_row][vc_column][vc_column_text css=&#8220;&#8220;] Klassik neu gedacht [\/vc_column_text][vc_column_text css=&#8220;&#8220;] Unter der Leitung des Berliner Starkochs \u00a0The Duc Ngo serviert das Golden Phoenix einzigartige franz\u00f6sisch-asiatische K\u00fcche \u2013 in einem beeindruckenden Ambiente mit asiatisch inspiriertem Design und goldener Lounge. Freuen Sie sich auf ausdrucksstarke Dim Sum, kreative Cocktails und stilvolle Late-Night-Bites. [\/vc_column_text][vc_column_text css=&#8220;&#8220;] Menu Wine Unsere aktuelle Karte und [&hellip;]<\/p>\n","protected":false},"author":1,"featured_media":4687,"parent":0,"menu_order":54,"comment_status":"closed","ping_status":"closed","template":"","meta":{"_acf_changed":false,"footnotes":""},"class_list":["post-52","page","type-page","status-publish","has-post-thumbnail","hentry"],"acf":[],"yoast_head":"<!-- This site is optimized with the Yoast SEO plugin v27.4 - https:\/\/yoast.com\/product\/yoast-seo-wordpress\/ -->\n<title>Golden Phoenix Restaurant | Provocateur Hotel Berlin<\/title>\n<meta name=\"description\" content=\"China meets Paris in Berlin. Das Golden Phoenix ist ein einzigartiges asiatisches Restaurant by The Duc Ngo. Gem\u00fctliche Atmosph\u00e4re und offene Showk\u00fcche.\" \/>\n<meta name=\"robots\" content=\"index, follow, max-snippet:-1, max-image-preview:large, max-video-preview:-1\" \/>\n<link rel=\"canonical\" href=\"https:\/\/www.provocateur-hotel.com\/de\/restaurant\/\" \/>\n<meta property=\"og:locale\" content=\"de_DE\" \/>\n<meta property=\"og:type\" content=\"article\" \/>\n<meta property=\"og:title\" content=\"Golden Phoenix Restaurant | Provocateur Hotel Berlin\" \/>\n<meta property=\"og:description\" content=\"China meets Paris in Berlin. Das Golden Phoenix ist ein einzigartiges asiatisches Restaurant by The Duc Ngo. Gem\u00fctliche Atmosph\u00e4re und offene Showk\u00fcche.\" \/>\n<meta property=\"og:url\" content=\"https:\/\/www.provocateur-hotel.com\/de\/restaurant\/\" \/>\n<meta property=\"og:site_name\" content=\"Provocateur Hotel Berlin\" \/>\n<meta property=\"article:publisher\" content=\"https:\/\/www.facebook.com\/provocateurhotel\/\" \/>\n<meta property=\"article:modified_time\" content=\"2025-08-25T12:56:33+00:00\" \/>\n<meta property=\"og:image\" content=\"https:\/\/www.provocateur-hotel.com\/wp-content\/uploads\/2021\/12\/Golden-phoenix-kachelbild.jpg\" \/>\n\t<meta property=\"og:image:width\" content=\"1600\" \/>\n\t<meta property=\"og:image:height\" content=\"900\" \/>\n\t<meta property=\"og:image:type\" content=\"image\/jpeg\" \/>\n<meta name=\"twitter:card\" content=\"summary_large_image\" \/>\n<meta name=\"twitter:label1\" content=\"Gesch\u00e4tzte Lesezeit\" \/>\n\t<meta name=\"twitter:data1\" content=\"2\u00a0Minuten\" \/>\n<script type=\"application\/ld+json\" class=\"yoast-schema-graph\">{\"@context\":\"https:\\\/\\\/schema.org\",\"@graph\":[{\"@type\":\"WebPage\",\"@id\":\"https:\\\/\\\/www.provocateur-hotel.com\\\/de\\\/restaurant\\\/\",\"url\":\"https:\\\/\\\/www.provocateur-hotel.com\\\/de\\\/restaurant\\\/\",\"name\":\"Golden Phoenix Restaurant | Provocateur Hotel Berlin\",\"isPartOf\":{\"@id\":\"https:\\\/\\\/www.provocateur-hotel.com\\\/de\\\/#website\"},\"primaryImageOfPage\":{\"@id\":\"https:\\\/\\\/www.provocateur-hotel.com\\\/de\\\/restaurant\\\/#primaryimage\"},\"image\":{\"@id\":\"https:\\\/\\\/www.provocateur-hotel.com\\\/de\\\/restaurant\\\/#primaryimage\"},\"thumbnailUrl\":\"https:\\\/\\\/www.provocateur-hotel.com\\\/wp-content\\\/uploads\\\/2021\\\/12\\\/Golden-phoenix-kachelbild.jpg\",\"datePublished\":\"2017-01-31T14:06:13+00:00\",\"dateModified\":\"2025-08-25T12:56:33+00:00\",\"description\":\"China meets Paris in Berlin. Das Golden Phoenix ist ein einzigartiges asiatisches Restaurant by The Duc Ngo. Gem\u00fctliche Atmosph\u00e4re und offene Showk\u00fcche.\",\"breadcrumb\":{\"@id\":\"https:\\\/\\\/www.provocateur-hotel.com\\\/de\\\/restaurant\\\/#breadcrumb\"},\"inLanguage\":\"de\",\"potentialAction\":[{\"@type\":\"ReadAction\",\"target\":[\"https:\\\/\\\/www.provocateur-hotel.com\\\/de\\\/restaurant\\\/\"]}]},{\"@type\":\"ImageObject\",\"inLanguage\":\"de\",\"@id\":\"https:\\\/\\\/www.provocateur-hotel.com\\\/de\\\/restaurant\\\/#primaryimage\",\"url\":\"https:\\\/\\\/www.provocateur-hotel.com\\\/wp-content\\\/uploads\\\/2021\\\/12\\\/Golden-phoenix-kachelbild.jpg\",\"contentUrl\":\"https:\\\/\\\/www.provocateur-hotel.com\\\/wp-content\\\/uploads\\\/2021\\\/12\\\/Golden-phoenix-kachelbild.jpg\",\"width\":\"1600\",\"height\":\"900\"},{\"@type\":\"BreadcrumbList\",\"@id\":\"https:\\\/\\\/www.provocateur-hotel.com\\\/de\\\/restaurant\\\/#breadcrumb\",\"itemListElement\":[{\"@type\":\"ListItem\",\"position\":1,\"name\":\"Startseite\",\"item\":\"https:\\\/\\\/www.provocateur-hotel.com\\\/de\\\/\"},{\"@type\":\"ListItem\",\"position\":2,\"name\":\"Restaurant\"}]},{\"@type\":\"WebSite\",\"@id\":\"https:\\\/\\\/www.provocateur-hotel.com\\\/de\\\/#website\",\"url\":\"https:\\\/\\\/www.provocateur-hotel.com\\\/de\\\/\",\"name\":\"Provocateur Hotel Berlin\",\"description\":\"\",\"potentialAction\":[{\"@type\":\"SearchAction\",\"target\":{\"@type\":\"EntryPoint\",\"urlTemplate\":\"https:\\\/\\\/www.provocateur-hotel.com\\\/de\\\/?s={search_term_string}\"},\"query-input\":{\"@type\":\"PropertyValueSpecification\",\"valueRequired\":true,\"valueName\":\"search_term_string\"}}],\"inLanguage\":\"de\"}]}<\/script>\n<!-- \/ Yoast SEO plugin. -->","yoast_head_json":{"title":"Golden Phoenix Restaurant | Provocateur Hotel Berlin","description":"China meets Paris in Berlin. Das Golden Phoenix ist ein einzigartiges asiatisches Restaurant by The Duc Ngo. Gem\u00fctliche Atmosph\u00e4re und offene Showk\u00fcche.","robots":{"index":"index","follow":"follow","max-snippet":"max-snippet:-1","max-image-preview":"max-image-preview:large","max-video-preview":"max-video-preview:-1"},"canonical":"https:\/\/www.provocateur-hotel.com\/de\/restaurant\/","og_locale":"de_DE","og_type":"article","og_title":"Golden Phoenix Restaurant | Provocateur Hotel Berlin","og_description":"China meets Paris in Berlin. Das Golden Phoenix ist ein einzigartiges asiatisches Restaurant by The Duc Ngo. Gem\u00fctliche Atmosph\u00e4re und offene Showk\u00fcche.","og_url":"https:\/\/www.provocateur-hotel.com\/de\/restaurant\/","og_site_name":"Provocateur Hotel Berlin","article_publisher":"https:\/\/www.facebook.com\/provocateurhotel\/","article_modified_time":"2025-08-25T12:56:33+00:00","og_image":[{"width":1600,"height":900,"url":"https:\/\/www.provocateur-hotel.com\/wp-content\/uploads\/2021\/12\/Golden-phoenix-kachelbild.jpg","type":"image\/jpeg"}],"twitter_card":"summary_large_image","twitter_misc":{"Gesch\u00e4tzte Lesezeit":"2\u00a0Minuten"},"schema":{"@context":"https:\/\/schema.org","@graph":[{"@type":"WebPage","@id":"https:\/\/www.provocateur-hotel.com\/de\/restaurant\/","url":"https:\/\/www.provocateur-hotel.com\/de\/restaurant\/","name":"Golden Phoenix Restaurant | Provocateur Hotel Berlin","isPartOf":{"@id":"https:\/\/www.provocateur-hotel.com\/de\/#website"},"primaryImageOfPage":{"@id":"https:\/\/www.provocateur-hotel.com\/de\/restaurant\/#primaryimage"},"image":{"@id":"https:\/\/www.provocateur-hotel.com\/de\/restaurant\/#primaryimage"},"thumbnailUrl":"https:\/\/www.provocateur-hotel.com\/wp-content\/uploads\/2021\/12\/Golden-phoenix-kachelbild.jpg","datePublished":"2017-01-31T14:06:13+00:00","dateModified":"2025-08-25T12:56:33+00:00","description":"China meets Paris in Berlin. Das Golden Phoenix ist ein einzigartiges asiatisches Restaurant by The Duc Ngo. Gem\u00fctliche Atmosph\u00e4re und offene Showk\u00fcche.","breadcrumb":{"@id":"https:\/\/www.provocateur-hotel.com\/de\/restaurant\/#breadcrumb"},"inLanguage":"de","potentialAction":[{"@type":"ReadAction","target":["https:\/\/www.provocateur-hotel.com\/de\/restaurant\/"]}]},{"@type":"ImageObject","inLanguage":"de","@id":"https:\/\/www.provocateur-hotel.com\/de\/restaurant\/#primaryimage","url":"https:\/\/www.provocateur-hotel.com\/wp-content\/uploads\/2021\/12\/Golden-phoenix-kachelbild.jpg","contentUrl":"https:\/\/www.provocateur-hotel.com\/wp-content\/uploads\/2021\/12\/Golden-phoenix-kachelbild.jpg","width":"1600","height":"900"},{"@type":"BreadcrumbList","@id":"https:\/\/www.provocateur-hotel.com\/de\/restaurant\/#breadcrumb","itemListElement":[{"@type":"ListItem","position":1,"name":"Startseite","item":"https:\/\/www.provocateur-hotel.com\/de\/"},{"@type":"ListItem","position":2,"name":"Restaurant"}]},{"@type":"WebSite","@id":"https:\/\/www.provocateur-hotel.com\/de\/#website","url":"https:\/\/www.provocateur-hotel.com\/de\/","name":"Provocateur Hotel Berlin","description":"","potentialAction":[{"@type":"SearchAction","target":{"@type":"EntryPoint","urlTemplate":"https:\/\/www.provocateur-hotel.com\/de\/?s={search_term_string}"},"query-input":{"@type":"PropertyValueSpecification","valueRequired":true,"valueName":"search_term_string"}}],"inLanguage":"de"}]}},"_links":{"self":[{"href":"https:\/\/www.provocateur-hotel.com\/de\/wp-json\/wp\/v2\/pages\/52","targetHints":{"allow":["GET"]}}],"collection":[{"href":"https:\/\/www.provocateur-hotel.com\/de\/wp-json\/wp\/v2\/pages"}],"about":[{"href":"https:\/\/www.provocateur-hotel.com\/de\/wp-json\/wp\/v2\/types\/page"}],"author":[{"embeddable":true,"href":"https:\/\/www.provocateur-hotel.com\/de\/wp-json\/wp\/v2\/users\/1"}],"replies":[{"embeddable":true,"href":"https:\/\/www.provocateur-hotel.com\/de\/wp-json\/wp\/v2\/comments?post=52"}],"version-history":[{"count":253,"href":"https:\/\/www.provocateur-hotel.com\/de\/wp-json\/wp\/v2\/pages\/52\/revisions"}],"predecessor-version":[{"id":7218,"href":"https:\/\/www.provocateur-hotel.com\/de\/wp-json\/wp\/v2\/pages\/52\/revisions\/7218"}],"wp:featuredmedia":[{"embeddable":true,"href":"https:\/\/www.provocateur-hotel.com\/de\/wp-json\/wp\/v2\/media\/4687"}],"wp:attachment":[{"href":"https:\/\/www.provocateur-hotel.com\/de\/wp-json\/wp\/v2\/media?parent=52"}],"curies":[{"name":"wp","href":"https:\/\/api.w.org\/{rel}","templated":true}]}}