{"id":7197,"date":"2025-08-14T13:31:09","date_gmt":"2025-08-14T11:31:09","guid":{"rendered":"https:\/\/www.provocateur-hotel.com\/?page_id=7197"},"modified":"2026-03-31T16:46:20","modified_gmt":"2026-03-31T14:46:20","slug":"exklusive-angebote","status":"publish","type":"page","link":"https:\/\/www.provocateur-hotel.com\/de\/exklusive-angebote\/","title":{"rendered":"Exklusive Angebote"},"content":{"rendered":"<div class=\"wpb-content-wrapper\"><p>[vc_row][vc_column][vc_column_text css=&#8220;&#8220;]<\/p>\n<h2 style=\"text-align: center;\"><em>Exklusive <strong>Angebote<\/strong><br \/>\n<\/em><\/h2>\n<p style=\"text-align: center;\">Sparen Sie bei Ihrem Aufenthalt \u2013 oder g\u00f6nnen Sie sich einfach ein kleines Extra. Unsere aktuellen Angebote warten nur darauf, von Ihnen entdeckt zu werden.<\/p>\n<p>[\/vc_column_text][\/vc_column][\/vc_row][vc_row disable_element=&#8220;yes&#8220; el_class=&#8220;teaser-mobile&#8220;][vc_column width=&#8220;1\/3&#8243;][vc_column_text css=&#8220;&#8220;]<\/p>\n<h2><em>30% Rabatt auf <strong>Winteraufenthalte<\/strong><\/em><\/h2>\n<p>Ihr Schl\u00fcssel zur festlichen Saison ist da. G\u00f6nnen Sie sich diesen Winter einen Hauch von Verf\u00fchrung in Berlin \u2013 mit 30% Rabatt auf Ihren Aufenthalt. Buchen Sie bis zum 5. Dezember 2025 f\u00fcr Reisen bis zum 28. Februar 2026.<\/p>\n<p><a class=\"prov-button\" href=\"https:\/\/be-p1.synxis.com\/?chain=5154&amp;config=SBE_PROVOCATEUR&amp;currency=EUR&amp;hotel=65984&amp;level=hotel&amp;locale=de-DE&amp;productcurrency=EUR&amp;theme=SBE_PROVOCATEUR&amp;arrive=2025-11-21\">Jetzt buchen<\/a>[\/vc_column_text][\/vc_column][vc_column width=&#8220;2\/3&#8243;][vc_single_image image=&#8220;7447&#8243; img_size=&#8220;medium&#8220; alignment=&#8220;center&#8220; css=&#8220;&#8220;][\/vc_column][\/vc_row][vc_row][vc_column width=&#8220;2\/3&#8243;][vc_single_image image=&#8220;1036&#8243; img_size=&#8220;medium&#8220; alignment=&#8220;center&#8220; css=&#8220;&#8220;][\/vc_column][vc_column width=&#8220;1\/3&#8243; el_class=&#8220;teaser-right&#8220;][vc_column_text css=&#8220;&#8220;]<\/p>\n<h2><em>Only at<\/em><em><strong> Provocateur<\/strong><br \/>\n<\/em><\/h2>\n<p>Buchen Sie direkt \u00fcber unsere Website und sichern Sie sich bis zu 10% Rabatt auf den besten verf\u00fcgbaren Preis. Charmant, unkompliziert \u2013 und nur bei uns.<\/p>\n<p><a class=\"prov-button\" href=\"https:\/\/be-p1.synxis.com\/?chain=5154&amp;config=SBE_PROVOCATEUR&amp;currency=EUR&amp;hotel=65984&amp;level=hotel&amp;locale=de-DE&amp;productcurrency=EUR&amp;theme=SBE_PROVOCATEUR&amp;promo=ONLYATPROVO\">Jetzt buchen<\/a>[\/vc_column_text][\/vc_column][\/vc_row][vc_row el_class=&#8220;teaser-mobile&#8220;][vc_column width=&#8220;1\/3&#8243;][vc_column_text css=&#8220;&#8220;]<\/p>\n<h2><em>Club-Vorteile <strong>genie\u00dfen<\/strong><\/em><\/h2>\n<p>F\u00fcr Sie gibt\u2019s immer ein bisschen mehr: Bis zu 15% Rabatt auf Ihren Aufenthalt \u2013 inklusive bevorzugtem Early Check-in, sp\u00e4tem Check-out und kostenfreien Zimmer-Upgrades. All das komplett kostenlos.<\/p>\n<p><a class=\"prov-button\" href=\"https:\/\/sircleclub.sirclecollection.com\/members\/overview\">MEMBER WERDEN<\/a>[\/vc_column_text][\/vc_column][vc_column width=&#8220;2\/3&#8243;][vc_single_image image=&#8220;7191&#8243; img_size=&#8220;medium&#8220; alignment=&#8220;center&#8220; css=&#8220;&#8220;][\/vc_column][\/vc_row][vc_row][vc_column width=&#8220;2\/3&#8243;][vc_single_image image=&#8220;7193&#8243; img_size=&#8220;medium&#8220; alignment=&#8220;center&#8220; css=&#8220;&#8220;][\/vc_column][vc_column width=&#8220;1\/3&#8243; el_class=&#8220;teaser-right&#8220;][vc_column_text css=&#8220;&#8220;]<\/p>\n<h2><em>Nur f\u00fcr <strong>Sie<\/strong><\/em><\/h2>\n<p>G\u00f6nnen Sie sich eine kleine Auszeit \u2013 mit 15% Rabatt auf unsere luxuri\u00f6sen Einzelzimmer. Einfach den Code <strong>JUSTME <\/strong>bei der Buchung auf unserer Website eingeben.<\/p>\n<p><a class=\"prov-button\" href=\"https:\/\/be-p1.synxis.com\/?chain=5154&amp;config=SBE_PROVOCATEUR&amp;currency=EUR&amp;hotel=65984&amp;level=hotel&amp;locale=de-DE&amp;productcurrency=EUR&amp;theme=SBE_PROVOCATEUR&amp;promo=JUSTME\">JETZT BUCHEN<\/a>[\/vc_column_text][\/vc_column][\/vc_row][vc_row el_class=&#8220;teaser-mobile&#8220;][vc_column width=&#8220;1\/3&#8243;][vc_column_text css=&#8220;&#8220;]<\/p>\n<h2><em>The <strong>Suite Life<\/strong><\/em><\/h2>\n<p>Machen Sie es sich in einer unserer gro\u00dfz\u00fcgigen Suiten gem\u00fctlich und genie\u00dfen Sie 15 % Rabatt auf Ihren Aufenthalt.<\/p>\n<p><a class=\"prov-button\" href=\"https:\/\/be-p1.synxis.com\/?chain=5154&amp;config=SBE_PROVOCATEUR&amp;currency=EUR&amp;hotel=65984&amp;level=hotel&amp;locale=de-DE&amp;productcurrency=EUR&amp;theme=SBE_PROVOCATEUR&amp;promo=SUITE\">JETZT BUCHEN<\/a>[\/vc_column_text][\/vc_column][vc_column width=&#8220;2\/3&#8243;][vc_single_image image=&#8220;7564&#8243; img_size=&#8220;medium&#8220; alignment=&#8220;center&#8220; css=&#8220;&#8220;][\/vc_column][\/vc_row]<\/p>\n<\/div>","protected":false},"excerpt":{"rendered":"<p>[vc_row][vc_column][vc_column_text css=&#8220;&#8220;] Exklusive Angebote Sparen Sie bei Ihrem Aufenthalt \u2013 oder g\u00f6nnen Sie sich einfach ein kleines Extra. Unsere aktuellen Angebote warten nur darauf, von Ihnen entdeckt zu werden. [\/vc_column_text][\/vc_column][\/vc_row][vc_row disable_element=&#8220;yes&#8220; el_class=&#8220;teaser-mobile&#8220;][vc_column width=&#8220;1\/3&#8243;][vc_column_text css=&#8220;&#8220;] 30% Rabatt auf Winteraufenthalte Ihr Schl\u00fcssel zur festlichen Saison ist da. G\u00f6nnen Sie sich diesen Winter einen Hauch von Verf\u00fchrung in [&hellip;]<\/p>\n","protected":false},"author":16,"featured_media":4520,"parent":0,"menu_order":31,"comment_status":"closed","ping_status":"closed","template":"","meta":{"_acf_changed":false,"footnotes":""},"class_list":["post-7197","page","type-page","status-publish","has-post-thumbnail","hentry"],"acf":[],"yoast_head":"<!-- This site is optimized with the Yoast SEO plugin v27.3 - https:\/\/yoast.com\/product\/yoast-seo-wordpress\/ -->\n<title>Exklusive Angebote | Provocateur Hotel Berlin<\/title>\n<meta name=\"description\" content=\"Sparen Sie bei Ihrem Aufenthalt \u2013 oder g\u00f6nnen Sie sich einfach ein kleines Extra. Unsere aktuellen Angebote warten nur darauf, von Ihnen entdeckt zu werden.\" \/>\n<meta name=\"robots\" content=\"index, follow, max-snippet:-1, max-image-preview:large, max-video-preview:-1\" \/>\n<link rel=\"canonical\" href=\"https:\/\/www.provocateur-hotel.com\/de\/exklusive-angebote\/\" \/>\n<meta property=\"og:locale\" content=\"de_DE\" \/>\n<meta property=\"og:type\" content=\"article\" \/>\n<meta property=\"og:title\" content=\"Exklusive Angebote | Provocateur Hotel Berlin\" \/>\n<meta property=\"og:description\" content=\"Sparen Sie bei Ihrem Aufenthalt \u2013 oder g\u00f6nnen Sie sich einfach ein kleines Extra. Unsere aktuellen Angebote warten nur darauf, von Ihnen entdeckt zu werden.\" \/>\n<meta property=\"og:url\" content=\"https:\/\/www.provocateur-hotel.com\/de\/exklusive-angebote\/\" \/>\n<meta property=\"og:site_name\" content=\"Provocateur Hotel Berlin\" \/>\n<meta property=\"article:publisher\" content=\"https:\/\/www.facebook.com\/provocateurhotel\/\" \/>\n<meta property=\"article:modified_time\" content=\"2026-03-31T14:46:20+00:00\" \/>\n<meta property=\"og:image\" content=\"https:\/\/www.provocateur-hotel.com\/wp-content\/uploads\/2025\/05\/provocateur-hotel-berlin-deluxe-room-04-2.jpg\" \/>\n\t<meta property=\"og:image:width\" content=\"3840\" \/>\n\t<meta property=\"og:image:height\" content=\"2552\" \/>\n\t<meta property=\"og:image:type\" content=\"image\/jpeg\" \/>\n<meta name=\"twitter:card\" content=\"summary_large_image\" \/>\n<meta name=\"twitter:label1\" content=\"Gesch\u00e4tzte Lesezeit\" \/>\n\t<meta name=\"twitter:data1\" content=\"3\u00a0Minuten\" \/>\n<script type=\"application\/ld+json\" class=\"yoast-schema-graph\">{\"@context\":\"https:\\\/\\\/schema.org\",\"@graph\":[{\"@type\":\"WebPage\",\"@id\":\"https:\\\/\\\/www.provocateur-hotel.com\\\/de\\\/exklusive-angebote\\\/\",\"url\":\"https:\\\/\\\/www.provocateur-hotel.com\\\/de\\\/exklusive-angebote\\\/\",\"name\":\"Exklusive Angebote | Provocateur Hotel Berlin\",\"isPartOf\":{\"@id\":\"https:\\\/\\\/www.provocateur-hotel.com\\\/de\\\/#website\"},\"primaryImageOfPage\":{\"@id\":\"https:\\\/\\\/www.provocateur-hotel.com\\\/de\\\/exklusive-angebote\\\/#primaryimage\"},\"image\":{\"@id\":\"https:\\\/\\\/www.provocateur-hotel.com\\\/de\\\/exklusive-angebote\\\/#primaryimage\"},\"thumbnailUrl\":\"https:\\\/\\\/www.provocateur-hotel.com\\\/wp-content\\\/uploads\\\/2021\\\/12\\\/provocateur-hotel-berlin-classic-room-03.jpg\",\"datePublished\":\"2025-08-14T11:31:09+00:00\",\"dateModified\":\"2026-03-31T14:46:20+00:00\",\"description\":\"Sparen Sie bei Ihrem Aufenthalt \u2013 oder g\u00f6nnen Sie sich einfach ein kleines Extra. Unsere aktuellen Angebote warten nur darauf, von Ihnen entdeckt zu werden.\",\"breadcrumb\":{\"@id\":\"https:\\\/\\\/www.provocateur-hotel.com\\\/de\\\/exklusive-angebote\\\/#breadcrumb\"},\"inLanguage\":\"de\",\"potentialAction\":[{\"@type\":\"ReadAction\",\"target\":[\"https:\\\/\\\/www.provocateur-hotel.com\\\/de\\\/exklusive-angebote\\\/\"]}]},{\"@type\":\"ImageObject\",\"inLanguage\":\"de\",\"@id\":\"https:\\\/\\\/www.provocateur-hotel.com\\\/de\\\/exklusive-angebote\\\/#primaryimage\",\"url\":\"https:\\\/\\\/www.provocateur-hotel.com\\\/wp-content\\\/uploads\\\/2021\\\/12\\\/provocateur-hotel-berlin-classic-room-03.jpg\",\"contentUrl\":\"https:\\\/\\\/www.provocateur-hotel.com\\\/wp-content\\\/uploads\\\/2021\\\/12\\\/provocateur-hotel-berlin-classic-room-03.jpg\",\"width\":\"2000\",\"height\":\"1334\",\"caption\":\"Provocateur Berlin Classic Room\"},{\"@type\":\"BreadcrumbList\",\"@id\":\"https:\\\/\\\/www.provocateur-hotel.com\\\/de\\\/exklusive-angebote\\\/#breadcrumb\",\"itemListElement\":[{\"@type\":\"ListItem\",\"position\":1,\"name\":\"Startseite\",\"item\":\"https:\\\/\\\/www.provocateur-hotel.com\\\/de\\\/\"},{\"@type\":\"ListItem\",\"position\":2,\"name\":\"Exklusive Angebote\"}]},{\"@type\":\"WebSite\",\"@id\":\"https:\\\/\\\/www.provocateur-hotel.com\\\/de\\\/#website\",\"url\":\"https:\\\/\\\/www.provocateur-hotel.com\\\/de\\\/\",\"name\":\"Provocateur Hotel Berlin\",\"description\":\"\",\"potentialAction\":[{\"@type\":\"SearchAction\",\"target\":{\"@type\":\"EntryPoint\",\"urlTemplate\":\"https:\\\/\\\/www.provocateur-hotel.com\\\/de\\\/?s={search_term_string}\"},\"query-input\":{\"@type\":\"PropertyValueSpecification\",\"valueRequired\":true,\"valueName\":\"search_term_string\"}}],\"inLanguage\":\"de\"}]}<\/script>\n<!-- \/ Yoast SEO plugin. -->","yoast_head_json":{"title":"Exklusive Angebote | Provocateur Hotel Berlin","description":"Sparen Sie bei Ihrem Aufenthalt \u2013 oder g\u00f6nnen Sie sich einfach ein kleines Extra. Unsere aktuellen Angebote warten nur darauf, von Ihnen entdeckt zu werden.","robots":{"index":"index","follow":"follow","max-snippet":"max-snippet:-1","max-image-preview":"max-image-preview:large","max-video-preview":"max-video-preview:-1"},"canonical":"https:\/\/www.provocateur-hotel.com\/de\/exklusive-angebote\/","og_locale":"de_DE","og_type":"article","og_title":"Exklusive Angebote | Provocateur Hotel Berlin","og_description":"Sparen Sie bei Ihrem Aufenthalt \u2013 oder g\u00f6nnen Sie sich einfach ein kleines Extra. Unsere aktuellen Angebote warten nur darauf, von Ihnen entdeckt zu werden.","og_url":"https:\/\/www.provocateur-hotel.com\/de\/exklusive-angebote\/","og_site_name":"Provocateur Hotel Berlin","article_publisher":"https:\/\/www.facebook.com\/provocateurhotel\/","article_modified_time":"2026-03-31T14:46:20+00:00","og_image":[{"width":3840,"height":2552,"url":"https:\/\/www.provocateur-hotel.com\/wp-content\/uploads\/2025\/05\/provocateur-hotel-berlin-deluxe-room-04-2.jpg","type":"image\/jpeg"}],"twitter_card":"summary_large_image","twitter_misc":{"Gesch\u00e4tzte Lesezeit":"3\u00a0Minuten"},"schema":{"@context":"https:\/\/schema.org","@graph":[{"@type":"WebPage","@id":"https:\/\/www.provocateur-hotel.com\/de\/exklusive-angebote\/","url":"https:\/\/www.provocateur-hotel.com\/de\/exklusive-angebote\/","name":"Exklusive Angebote | Provocateur Hotel Berlin","isPartOf":{"@id":"https:\/\/www.provocateur-hotel.com\/de\/#website"},"primaryImageOfPage":{"@id":"https:\/\/www.provocateur-hotel.com\/de\/exklusive-angebote\/#primaryimage"},"image":{"@id":"https:\/\/www.provocateur-hotel.com\/de\/exklusive-angebote\/#primaryimage"},"thumbnailUrl":"https:\/\/www.provocateur-hotel.com\/wp-content\/uploads\/2021\/12\/provocateur-hotel-berlin-classic-room-03.jpg","datePublished":"2025-08-14T11:31:09+00:00","dateModified":"2026-03-31T14:46:20+00:00","description":"Sparen Sie bei Ihrem Aufenthalt \u2013 oder g\u00f6nnen Sie sich einfach ein kleines Extra. Unsere aktuellen Angebote warten nur darauf, von Ihnen entdeckt zu werden.","breadcrumb":{"@id":"https:\/\/www.provocateur-hotel.com\/de\/exklusive-angebote\/#breadcrumb"},"inLanguage":"de","potentialAction":[{"@type":"ReadAction","target":["https:\/\/www.provocateur-hotel.com\/de\/exklusive-angebote\/"]}]},{"@type":"ImageObject","inLanguage":"de","@id":"https:\/\/www.provocateur-hotel.com\/de\/exklusive-angebote\/#primaryimage","url":"https:\/\/www.provocateur-hotel.com\/wp-content\/uploads\/2021\/12\/provocateur-hotel-berlin-classic-room-03.jpg","contentUrl":"https:\/\/www.provocateur-hotel.com\/wp-content\/uploads\/2021\/12\/provocateur-hotel-berlin-classic-room-03.jpg","width":"2000","height":"1334","caption":"Provocateur Berlin Classic Room"},{"@type":"BreadcrumbList","@id":"https:\/\/www.provocateur-hotel.com\/de\/exklusive-angebote\/#breadcrumb","itemListElement":[{"@type":"ListItem","position":1,"name":"Startseite","item":"https:\/\/www.provocateur-hotel.com\/de\/"},{"@type":"ListItem","position":2,"name":"Exklusive Angebote"}]},{"@type":"WebSite","@id":"https:\/\/www.provocateur-hotel.com\/de\/#website","url":"https:\/\/www.provocateur-hotel.com\/de\/","name":"Provocateur Hotel Berlin","description":"","potentialAction":[{"@type":"SearchAction","target":{"@type":"EntryPoint","urlTemplate":"https:\/\/www.provocateur-hotel.com\/de\/?s={search_term_string}"},"query-input":{"@type":"PropertyValueSpecification","valueRequired":true,"valueName":"search_term_string"}}],"inLanguage":"de"}]}},"_links":{"self":[{"href":"https:\/\/www.provocateur-hotel.com\/de\/wp-json\/wp\/v2\/pages\/7197","targetHints":{"allow":["GET"]}}],"collection":[{"href":"https:\/\/www.provocateur-hotel.com\/de\/wp-json\/wp\/v2\/pages"}],"about":[{"href":"https:\/\/www.provocateur-hotel.com\/de\/wp-json\/wp\/v2\/types\/page"}],"author":[{"embeddable":true,"href":"https:\/\/www.provocateur-hotel.com\/de\/wp-json\/wp\/v2\/users\/16"}],"replies":[{"embeddable":true,"href":"https:\/\/www.provocateur-hotel.com\/de\/wp-json\/wp\/v2\/comments?post=7197"}],"version-history":[{"count":14,"href":"https:\/\/www.provocateur-hotel.com\/de\/wp-json\/wp\/v2\/pages\/7197\/revisions"}],"predecessor-version":[{"id":7568,"href":"https:\/\/www.provocateur-hotel.com\/de\/wp-json\/wp\/v2\/pages\/7197\/revisions\/7568"}],"wp:featuredmedia":[{"embeddable":true,"href":"https:\/\/www.provocateur-hotel.com\/de\/wp-json\/wp\/v2\/media\/4520"}],"wp:attachment":[{"href":"https:\/\/www.provocateur-hotel.com\/de\/wp-json\/wp\/v2\/media?parent=7197"}],"curies":[{"name":"wp","href":"https:\/\/api.w.org\/{rel}","templated":true}]}}