{"id":7328,"date":"2025-10-17T16:59:16","date_gmt":"2025-10-17T14:59:16","guid":{"rendered":"https:\/\/www.provocateur-hotel.com\/?page_id=7328"},"modified":"2026-01-14T10:27:00","modified_gmt":"2026-01-14T09:27:00","slug":"essen-und-trinken","status":"publish","type":"page","link":"https:\/\/www.provocateur-hotel.com\/de\/essen-und-trinken\/","title":{"rendered":"Food &#038; Drinks"},"content":{"rendered":"<div class=\"wpb-content-wrapper\"><p>[vc_row][vc_column][vc_column_text css=&#8220;&#8220;]<\/p>\n<h2 style=\"text-align: center;\"><i>Wo Stil auf Genuss\u00a0trifft \u2013<\/i><strong>mitten in Berlin.<\/strong><\/h2>\n<p>[\/vc_column_text][vc_column_text css=&#8220;&#8220;]<\/p>\n<p style=\"text-align: center;\">Treten Sie ein ins Provocateur und entdecken Sie eine Welt, in der genussvolle N\u00e4chte, goldene Stunden und mutige Aromen aufeinandertreffen. In unserer Bar erwarten Sie kreative Cocktails und eine besondere Atmosph\u00e4re im schummrigen Licht.<br \/>\nDirekt daneben erweitert der Salon Provocateur das Erlebnis \u2013 ideal f\u00fcr private Dinner, besondere Anl\u00e4sse und Events.<\/p>\n<p>[\/vc_column_text][vc_gallery type=&#8220;flexslider_slide&#8220; interval=&#8220;5&#8243; images=&#8220;6461,6465,6463&#8243; img_size=&#8220;full&#8220; onclick=&#8220;&#8220; css=&#8220;&#8220;][vc_column_text css=&#8220;&#8220;]<\/p>\n<h3 style=\"text-align: center;\">Fr\u00fchst\u00fcck<\/h3>\n<p>[\/vc_column_text][vc_column_text css=&#8220;&#8220;]<\/p>\n<p style=\"text-align: center;\">Starten Sie entspannt in den Tag mit einem frisch zubereiteten Fr\u00fchst\u00fcck \u2013 ganz im Provocateur-Stil. Tolle Aromen, gem\u00fctliche Atmosph\u00e4re, ein Genussmoment am Morgen.<\/p>\n<p style=\"text-align: center;\">Oder ganz bequem auf dem Zimmer genie\u00dfen.<\/p>\n<p>[\/vc_column_text][vc_column_text css=&#8220;&#8220;]<\/p>\n<p style=\"text-align: center;\"><a class=\"prov-button\" href=\"https:\/\/www.provocateur-hotel.com\/wp-content\/uploads\/2025\/11\/DE-Provocateur_breakfast-menu-2025-1.pdf\" target=\"_blank\" rel=\"noopener\">MENU<\/a><\/p>\n<p>[\/vc_column_text][vc_column_text css=&#8220;&#8220;]<\/p>\n<h3 style=\"text-align: center;\">Bar<\/h3>\n<p>[\/vc_column_text][vc_column_text css=&#8220;&#8220;]<\/p>\n<p style=\"text-align: center;\">Mit ihrem goldenen Interior zieht die Provocateur Bar sofort in ihren Bann \u2013 und man m\u00f6chte gar nicht mehr gehen. Auf der Karte stehen sowohl kreative Neuinterpretationen klassischer Cocktails als auch eigene Signature Drinks. F\u00fcr private Anl\u00e4sse l\u00e4sst sich die Bar mit dem angrenzenden Salon kombinieren \u2013 f\u00fcr Drinks, unser Barfood-Men\u00fc und gute Gesellschaft, ganz unter sich.<\/p>\n<p>[\/vc_column_text][vc_column_text css=&#8220;&#8220;]<\/p>\n<p style=\"text-align: center;\"><a class=\"prov-button\" href=\"https:\/\/www.provocateur-hotel.com\/wp-content\/uploads\/2025\/11\/Provo-snack-menu-digital.pdf\" target=\"_blank\" rel=\"noopener\">ESSEN<\/a> <a class=\"prov-button\" href=\"https:\/\/www.provocateur-hotel.com\/downloads\/provocateur-berlin-drinks.pdf\" target=\"_blank\" rel=\"noopener\">trinken<\/a><\/p>\n<p>[\/vc_column_text][vc_column_text css=&#8220;&#8220;]<\/p>\n<h3 style=\"text-align: center;\">Salon<\/h3>\n<p>[\/vc_column_text][vc_column_text css=&#8220;&#8220;]<\/p>\n<p style=\"text-align: center;\">Versteckt direkt hinter der Bar ist der Salon Provocateur der Ort, an dem Genuss die Hauptrolle spielt. Gemacht f\u00fcr private Dinner-Erlebnisse, Feiern und besondere Events, tr\u00e4gt er denselben goldenen Schimmer und die verf\u00fchrerische Stimmung wie die Bar \u2013 nur noch intimer. Hier werden Drinks und richtig gutes Essen in Szene gesetzt, begleitet von cineastischem Licht. Ein Raum f\u00fcr Momente, die man gerne teilt \u2013 exklusiv, pers\u00f6nlich und ganz f\u00fcr sich.<\/p>\n<p>[\/vc_column_text][vc_column_text css=&#8220;&#8220;]<\/p>\n<p style=\"text-align: center;\">\u00a0<a class=\"prov-button\" href=\"mailto:event@provocateur-hotel.com\" target=\"_blank\" rel=\"noopener\">GET IN TOUCH<\/a><\/p>\n<p>[\/vc_column_text][vc_column_text css=&#8220;&#8220;]<\/p>\n<h4 style=\"text-align: center;\">Awards<\/h4>\n<p style=\"text-align: center;\"><a href=\"https:\/\/mixology.eu\/mixology-bar-awards-2024-gewinner\/\">Mixology Bar Awards 2024<\/a>: &#8222;Hotel Bar of the Year&#8220; &amp; unsere Barkeeperin Roxanne Helm als &#8222;Newcomer of the Year&#8220;<br \/>\n<a href=\"https:\/\/www.top500bars.com\/\">Top 500 Bars der Welt 2023<\/a>: Platz 203<br \/>\n<a href=\"https:\/\/www.top500bars.com\/\">Top 500 Bars der Welt 2022<\/a>: Platz 280<br \/>\n<a href=\"https:\/\/mixology.eu\/mixology-bar-awards-2019-gewinner\/\" target=\"_blank\" rel=\"noopener\">Mixology Bar Awards 2019<\/a>: &#8222;Hotel Bar of the Year&#8220; &amp; &#8222;Bar Team of the Year&#8220;<\/p>\n<p>[\/vc_column_text][vc_column_text css=&#8220;&#8220;]<\/p>\n<h4 style=\"text-align: center;\">\u00d6ffnungszeiten<\/h4>\n<p style=\"text-align: center;\"><strong>Fr\u00fchst\u00fcck<\/strong><br \/>\nMo.\u2013Fr. 07:00\u201311:00<br \/>\nSa.\u2013So. &amp; Feiertage 08:00\u201312:00<\/p>\n<p style=\"text-align: center;\"><strong>Bar<\/strong><br \/>\nSo.\u2013Do. 18:00\u201301:00<br \/>\nFr. &amp; Sa. ab 18:00 bis sp\u00e4t, K\u00fcche ge\u00f6ffnet bis 23:00<\/p>\n<p>[\/vc_column_text][vc_column_text css=&#8220;&#8220;]<\/p>\n<h4 style=\"text-align: center;\">Events<\/h4>\n<p style=\"text-align: center;\">Sie suchen eine besondere Location f\u00fcr Ihr Event?<br \/>\nUnsere Bar &amp; der Salon Provocateur bieten den perfekten Rahmen f\u00fcr Dinner, besondere Events oder ausgelassene Partys. Oder feiern Sie in La Cave \u2013 unserer Location im Untergeschoss \u2013 f\u00fcr eine Nacht voller guter Momente. Ob Geburtstag, Brand Event oder ein entspanntes Dinner mit Freunden \u2013 wir sind ready!<br \/>\n<a class=\"decorated-link cursor-pointer\" rel=\"noopener\" data-start=\"1545\" data-end=\"1572\">event@provocateur-hotel.com<\/a> | <a href=\"tel:+493022056060\">T +49 30 22056060<\/a><\/p>\n<p>[\/vc_column_text][\/vc_column][\/vc_row]<\/p>\n<\/div>","protected":false},"excerpt":{"rendered":"<p>[vc_row][vc_column][vc_column_text css=&#8220;&#8220;] Wo Stil auf Genuss\u00a0trifft \u2013mitten in Berlin. [\/vc_column_text][vc_column_text css=&#8220;&#8220;] Treten Sie ein ins Provocateur und entdecken Sie eine Welt, in der genussvolle N\u00e4chte, goldene Stunden und mutige Aromen aufeinandertreffen. In unserer Bar erwarten Sie kreative Cocktails und eine besondere Atmosph\u00e4re im schummrigen Licht. Direkt daneben erweitert der Salon Provocateur das Erlebnis \u2013 ideal [&hellip;]<\/p>\n","protected":false},"author":16,"featured_media":7281,"parent":0,"menu_order":14,"comment_status":"closed","ping_status":"closed","template":"","meta":{"_acf_changed":false,"footnotes":""},"class_list":["post-7328","page","type-page","status-publish","has-post-thumbnail","hentry"],"acf":[],"yoast_head":"<!-- This site is optimized with the Yoast SEO plugin v27.4 - https:\/\/yoast.com\/product\/yoast-seo-wordpress\/ -->\n<title>Food &amp; Drinks - Provocateur Hotel Berlin<\/title>\n<meta name=\"robots\" content=\"index, follow, max-snippet:-1, max-image-preview:large, max-video-preview:-1\" \/>\n<link rel=\"canonical\" href=\"https:\/\/www.provocateur-hotel.com\/de\/essen-und-trinken\/\" \/>\n<meta property=\"og:locale\" content=\"de_DE\" \/>\n<meta property=\"og:type\" content=\"article\" \/>\n<meta property=\"og:title\" content=\"Food &amp; Drinks - Provocateur Hotel Berlin\" \/>\n<meta property=\"og:description\" content=\"[vc_row][vc_column][vc_column_text css=&#8220;&#8220;] Wo Stil auf Genuss\u00a0trifft \u2013mitten in Berlin. [\/vc_column_text][vc_column_text css=&#8220;&#8220;] Treten Sie ein ins Provocateur und entdecken Sie eine Welt, in der genussvolle N\u00e4chte, goldene Stunden und mutige Aromen aufeinandertreffen. In unserer Bar erwarten Sie kreative Cocktails und eine besondere Atmosph\u00e4re im schummrigen Licht. Direkt daneben erweitert der Salon Provocateur das Erlebnis \u2013 ideal [&hellip;]\" \/>\n<meta property=\"og:url\" content=\"https:\/\/www.provocateur-hotel.com\/de\/essen-und-trinken\/\" \/>\n<meta property=\"og:site_name\" content=\"Provocateur Hotel Berlin\" \/>\n<meta property=\"article:publisher\" content=\"https:\/\/www.facebook.com\/provocateurhotel\/\" \/>\n<meta property=\"article:modified_time\" content=\"2026-01-14T09:27:00+00:00\" \/>\n<meta property=\"og:image\" content=\"https:\/\/www.provocateur-hotel.com\/wp-content\/uploads\/2025\/09\/provocateur-hotel-berlin-bar-14-1920x1280.jpg\" \/>\n\t<meta property=\"og:image:width\" content=\"1920\" \/>\n\t<meta property=\"og:image:height\" content=\"1280\" \/>\n\t<meta property=\"og:image:type\" content=\"image\/jpeg\" \/>\n<meta name=\"twitter:card\" content=\"summary_large_image\" \/>\n<meta name=\"twitter:label1\" content=\"Gesch\u00e4tzte Lesezeit\" \/>\n\t<meta name=\"twitter:data1\" content=\"3\u00a0Minuten\" \/>\n<script type=\"application\/ld+json\" class=\"yoast-schema-graph\">{\"@context\":\"https:\\\/\\\/schema.org\",\"@graph\":[{\"@type\":\"WebPage\",\"@id\":\"https:\\\/\\\/www.provocateur-hotel.com\\\/de\\\/essen-und-trinken\\\/\",\"url\":\"https:\\\/\\\/www.provocateur-hotel.com\\\/de\\\/essen-und-trinken\\\/\",\"name\":\"Food & Drinks - Provocateur Hotel Berlin\",\"isPartOf\":{\"@id\":\"https:\\\/\\\/www.provocateur-hotel.com\\\/de\\\/#website\"},\"primaryImageOfPage\":{\"@id\":\"https:\\\/\\\/www.provocateur-hotel.com\\\/de\\\/essen-und-trinken\\\/#primaryimage\"},\"image\":{\"@id\":\"https:\\\/\\\/www.provocateur-hotel.com\\\/de\\\/essen-und-trinken\\\/#primaryimage\"},\"thumbnailUrl\":\"https:\\\/\\\/www.provocateur-hotel.com\\\/wp-content\\\/uploads\\\/2025\\\/09\\\/provocateur-hotel-berlin-bar-14.jpg\",\"datePublished\":\"2025-10-17T14:59:16+00:00\",\"dateModified\":\"2026-01-14T09:27:00+00:00\",\"breadcrumb\":{\"@id\":\"https:\\\/\\\/www.provocateur-hotel.com\\\/de\\\/essen-und-trinken\\\/#breadcrumb\"},\"inLanguage\":\"de\",\"potentialAction\":[{\"@type\":\"ReadAction\",\"target\":[\"https:\\\/\\\/www.provocateur-hotel.com\\\/de\\\/essen-und-trinken\\\/\"]}]},{\"@type\":\"ImageObject\",\"inLanguage\":\"de\",\"@id\":\"https:\\\/\\\/www.provocateur-hotel.com\\\/de\\\/essen-und-trinken\\\/#primaryimage\",\"url\":\"https:\\\/\\\/www.provocateur-hotel.com\\\/wp-content\\\/uploads\\\/2025\\\/09\\\/provocateur-hotel-berlin-bar-14.jpg\",\"contentUrl\":\"https:\\\/\\\/www.provocateur-hotel.com\\\/wp-content\\\/uploads\\\/2025\\\/09\\\/provocateur-hotel-berlin-bar-14.jpg\",\"width\":2000,\"height\":1333},{\"@type\":\"BreadcrumbList\",\"@id\":\"https:\\\/\\\/www.provocateur-hotel.com\\\/de\\\/essen-und-trinken\\\/#breadcrumb\",\"itemListElement\":[{\"@type\":\"ListItem\",\"position\":1,\"name\":\"Startseite\",\"item\":\"https:\\\/\\\/www.provocateur-hotel.com\\\/de\\\/\"},{\"@type\":\"ListItem\",\"position\":2,\"name\":\"Food &#038; Drinks\"}]},{\"@type\":\"WebSite\",\"@id\":\"https:\\\/\\\/www.provocateur-hotel.com\\\/de\\\/#website\",\"url\":\"https:\\\/\\\/www.provocateur-hotel.com\\\/de\\\/\",\"name\":\"Provocateur Hotel Berlin\",\"description\":\"\",\"potentialAction\":[{\"@type\":\"SearchAction\",\"target\":{\"@type\":\"EntryPoint\",\"urlTemplate\":\"https:\\\/\\\/www.provocateur-hotel.com\\\/de\\\/?s={search_term_string}\"},\"query-input\":{\"@type\":\"PropertyValueSpecification\",\"valueRequired\":true,\"valueName\":\"search_term_string\"}}],\"inLanguage\":\"de\"}]}<\/script>\n<!-- \/ Yoast SEO plugin. -->","yoast_head_json":{"title":"Food & Drinks - Provocateur Hotel Berlin","robots":{"index":"index","follow":"follow","max-snippet":"max-snippet:-1","max-image-preview":"max-image-preview:large","max-video-preview":"max-video-preview:-1"},"canonical":"https:\/\/www.provocateur-hotel.com\/de\/essen-und-trinken\/","og_locale":"de_DE","og_type":"article","og_title":"Food & Drinks - Provocateur Hotel Berlin","og_description":"[vc_row][vc_column][vc_column_text css=&#8220;&#8220;] Wo Stil auf Genuss\u00a0trifft \u2013mitten in Berlin. [\/vc_column_text][vc_column_text css=&#8220;&#8220;] Treten Sie ein ins Provocateur und entdecken Sie eine Welt, in der genussvolle N\u00e4chte, goldene Stunden und mutige Aromen aufeinandertreffen. In unserer Bar erwarten Sie kreative Cocktails und eine besondere Atmosph\u00e4re im schummrigen Licht. Direkt daneben erweitert der Salon Provocateur das Erlebnis \u2013 ideal [&hellip;]","og_url":"https:\/\/www.provocateur-hotel.com\/de\/essen-und-trinken\/","og_site_name":"Provocateur Hotel Berlin","article_publisher":"https:\/\/www.facebook.com\/provocateurhotel\/","article_modified_time":"2026-01-14T09:27:00+00:00","og_image":[{"width":1920,"height":1280,"url":"https:\/\/www.provocateur-hotel.com\/wp-content\/uploads\/2025\/09\/provocateur-hotel-berlin-bar-14-1920x1280.jpg","type":"image\/jpeg"}],"twitter_card":"summary_large_image","twitter_misc":{"Gesch\u00e4tzte Lesezeit":"3\u00a0Minuten"},"schema":{"@context":"https:\/\/schema.org","@graph":[{"@type":"WebPage","@id":"https:\/\/www.provocateur-hotel.com\/de\/essen-und-trinken\/","url":"https:\/\/www.provocateur-hotel.com\/de\/essen-und-trinken\/","name":"Food & Drinks - Provocateur Hotel Berlin","isPartOf":{"@id":"https:\/\/www.provocateur-hotel.com\/de\/#website"},"primaryImageOfPage":{"@id":"https:\/\/www.provocateur-hotel.com\/de\/essen-und-trinken\/#primaryimage"},"image":{"@id":"https:\/\/www.provocateur-hotel.com\/de\/essen-und-trinken\/#primaryimage"},"thumbnailUrl":"https:\/\/www.provocateur-hotel.com\/wp-content\/uploads\/2025\/09\/provocateur-hotel-berlin-bar-14.jpg","datePublished":"2025-10-17T14:59:16+00:00","dateModified":"2026-01-14T09:27:00+00:00","breadcrumb":{"@id":"https:\/\/www.provocateur-hotel.com\/de\/essen-und-trinken\/#breadcrumb"},"inLanguage":"de","potentialAction":[{"@type":"ReadAction","target":["https:\/\/www.provocateur-hotel.com\/de\/essen-und-trinken\/"]}]},{"@type":"ImageObject","inLanguage":"de","@id":"https:\/\/www.provocateur-hotel.com\/de\/essen-und-trinken\/#primaryimage","url":"https:\/\/www.provocateur-hotel.com\/wp-content\/uploads\/2025\/09\/provocateur-hotel-berlin-bar-14.jpg","contentUrl":"https:\/\/www.provocateur-hotel.com\/wp-content\/uploads\/2025\/09\/provocateur-hotel-berlin-bar-14.jpg","width":2000,"height":1333},{"@type":"BreadcrumbList","@id":"https:\/\/www.provocateur-hotel.com\/de\/essen-und-trinken\/#breadcrumb","itemListElement":[{"@type":"ListItem","position":1,"name":"Startseite","item":"https:\/\/www.provocateur-hotel.com\/de\/"},{"@type":"ListItem","position":2,"name":"Food &#038; Drinks"}]},{"@type":"WebSite","@id":"https:\/\/www.provocateur-hotel.com\/de\/#website","url":"https:\/\/www.provocateur-hotel.com\/de\/","name":"Provocateur Hotel Berlin","description":"","potentialAction":[{"@type":"SearchAction","target":{"@type":"EntryPoint","urlTemplate":"https:\/\/www.provocateur-hotel.com\/de\/?s={search_term_string}"},"query-input":{"@type":"PropertyValueSpecification","valueRequired":true,"valueName":"search_term_string"}}],"inLanguage":"de"}]}},"_links":{"self":[{"href":"https:\/\/www.provocateur-hotel.com\/de\/wp-json\/wp\/v2\/pages\/7328","targetHints":{"allow":["GET"]}}],"collection":[{"href":"https:\/\/www.provocateur-hotel.com\/de\/wp-json\/wp\/v2\/pages"}],"about":[{"href":"https:\/\/www.provocateur-hotel.com\/de\/wp-json\/wp\/v2\/types\/page"}],"author":[{"embeddable":true,"href":"https:\/\/www.provocateur-hotel.com\/de\/wp-json\/wp\/v2\/users\/16"}],"replies":[{"embeddable":true,"href":"https:\/\/www.provocateur-hotel.com\/de\/wp-json\/wp\/v2\/comments?post=7328"}],"version-history":[{"count":14,"href":"https:\/\/www.provocateur-hotel.com\/de\/wp-json\/wp\/v2\/pages\/7328\/revisions"}],"predecessor-version":[{"id":7555,"href":"https:\/\/www.provocateur-hotel.com\/de\/wp-json\/wp\/v2\/pages\/7328\/revisions\/7555"}],"wp:featuredmedia":[{"embeddable":true,"href":"https:\/\/www.provocateur-hotel.com\/de\/wp-json\/wp\/v2\/media\/7281"}],"wp:attachment":[{"href":"https:\/\/www.provocateur-hotel.com\/de\/wp-json\/wp\/v2\/media?parent=7328"}],"curies":[{"name":"wp","href":"https:\/\/api.w.org\/{rel}","templated":true}]}}