{"id":78,"date":"2017-02-01T03:51:54","date_gmt":"2017-02-01T02:51:54","guid":{"rendered":"http:\/\/demo7.wall-it.de\/?page_id=78\/"},"modified":"2026-04-01T11:18:32","modified_gmt":"2026-04-01T09:18:32","slug":"homepage","status":"publish","type":"page","link":"https:\/\/www.provocateur-hotel.com\/de\/","title":{"rendered":"Homepage"},"content":{"rendered":"<div class=\"wpb-content-wrapper\"><p>[vc_row][vc_column width=&#8220;2\/3&#8243;][vc_single_image image=&#8220;909&#8243; img_size=&#8220;medium&#8220; alignment=&#8220;center&#8220;][\/vc_column][vc_column width=&#8220;1\/3&#8243; el_class=&#8220;teaser-right&#8220;][vc_column_text css=&#8220;&#8220;]<\/p>\n<h2><em>Ein Hauch von Glamour in <\/em><strong>jedem Raum<\/strong><\/h2>\n<p>Stellen Sie sich vor: roter und blauer Samt, dramatische Kronleuchter, freistehende Badewannen mit L\u00f6wenf\u00fc\u00dfen. Jedes Detail l\u00e4dt dazu ein, dem Alltag zu entfliehen \u2013 und in eine Welt voller Sinnlichkeit und Stil einzutauchen.<\/p>\n<p><a class=\"prov-button\" href=\"https:\/\/www.provocateur-hotel.com\/de\/rooms\/\">JETZT ENTDECKEN <\/a>[\/vc_column_text][\/vc_column][\/vc_row][vc_row el_class=&#8220;teaser-mobile&#8220;][vc_column width=&#8220;1\/3&#8243;][vc_column_text css=&#8220;&#8220;]<\/p>\n<h2><em>Sip, taste, and<\/em><strong> linger longer.<\/strong><\/h2>\n<p>Provocateur Bar &amp; im Salon erwarten Sie perfekt gemixte Drinks, verf\u00fchrerische Kleinigkeiten und eine ganz besondere Atmosph\u00e4re. Beide Bereiche k\u00f6nnen Sie auch exklusiv f\u00fcr private Events buchen.<\/p>\n<p><a class=\"prov-button\" href=\"https:\/\/www.provocateur-hotel.com\/de\/essen-und-trinken\/\">ENTDECKEN SIE MEHR<\/a>[\/vc_column_text][\/vc_column][vc_column width=&#8220;2\/3&#8243;][vc_single_image image=&#8220;6983&#8243; img_size=&#8220;medium&#8220; alignment=&#8220;center&#8220; css=&#8220;&#8220;][\/vc_column][\/vc_row][vc_row disable_element=&#8220;yes&#8220; el_class=&#8220;teaser-mobile&#8220;][vc_column width=&#8220;1\/3&#8243;][vc_column_text css=&#8220;&#8220;]<\/p>\n<h2><em>Das Berliner Kult-Restaurant <\/em><strong>mit einem Twist<\/strong><\/h2>\n<p>Unter der Leitung des renommierten Berliner K\u00fcchenchefs The <a href=\"https:\/\/www.provocateur-hotel.com\/journal\/meet-artist-in-residence\/\">The Duc Ngo<\/a> serviert das Golden Phoenix eine verspielte Interpretation der franz\u00f6sisch-chinesischen K\u00fcche \u2013 inszeniert in beeindruckendem Design.<\/p>\n<p><a class=\"prov-button\" href=\"https:\/\/www.provocateur-hotel.com\/de\/restaurant\/\">ENTDECKEN SIE MEHR<\/a>[\/vc_column_text][\/vc_column][vc_column width=&#8220;2\/3&#8243;][vc_single_image image=&#8220;4077&#8243; img_size=&#8220;medium&#8220; alignment=&#8220;center&#8220;][\/vc_column][\/vc_row][vc_row disable_element=&#8220;yes&#8220;][vc_column width=&#8220;2\/3&#8243;][vc_single_image image=&#8220;915&#8243; img_size=&#8220;medium&#8220; alignment=&#8220;center&#8220;][\/vc_column][vc_column width=&#8220;1\/3&#8243; el_class=&#8220;teaser-right&#8220;][vc_column_text css=&#8220;&#8220;]<\/p>\n<h2><em>Elegante <\/em><strong>Bar und Lounge<\/strong><\/h2>\n<p>Eine Bar, die verf\u00fchrt. Die Atmosph\u00e4re: berauschend. Die Drinks: einzigartig. Die Musik: genau das, was man braucht, um den Abend in Berlin zu geniessen.<\/p>\n<p><a class=\"prov-button\" href=\"https:\/\/www.provocateur-hotel.com\/de\/provocateur-bar\/\">ENTDECKEN <\/a>[\/vc_column_text][\/vc_column][\/vc_row][vc_row el_class=&#8220;teaser-mobile&#8220;][vc_column width=&#8220;2\/3&#8243;][vc_single_image image=&#8220;7154&#8243; img_size=&#8220;medium&#8220; alignment=&#8220;center&#8220; css=&#8220;&#8220;][\/vc_column][vc_column width=&#8220;1\/3&#8243;][vc_column_text css=&#8220;&#8220;]<\/p>\n<h2><em>Das gewisse <\/em><strong>Extra<\/strong><\/h2>\n<p>Sparen Sie bei Ihrem Aufenthalt \u2013 oder g\u00f6nnen Sie sich einfach ein kleines Extra. Unsere aktuellen Angebote warten nur darauf, von Ihnen entdeckt zu werden.<\/p>\n<p><a class=\"prov-button\" href=\"https:\/\/www.provocateur-hotel.com\/de\/exklusive-angebote\/\">ENTDECKEN<\/a>[\/vc_column_text][\/vc_column][\/vc_row][vc_row disable_element=&#8220;yes&#8220; css=&#8220;.vc_custom_1753094989414{margin-top: 30px !important;}&#8220;][vc_column][vc_column_text css=&#8220;.vc_custom_1519653555305{margin-bottom: 0px !important;}&#8220;]<\/p>\n<h2><em>Don&#8217;t<\/em> <strong>miss &#8230;<\/strong><\/h2>\n<p>[\/vc_column_text]<div class=\"slider\"><div class=\"slider-inner\"><div class=\"slides\"><div class=\"slide\">Keine Inhalte vorhanden.<\/div><\/div><\/div><\/div>[\/vc_column][\/vc_row][vc_row][vc_column][vc_column_text css=&#8220;&#8220;]<\/p>\n<h2>#madewithlamour<\/h2>\n<div class=\"gginsta\"><\/div>\n<div><!-- Elfsight Instagram Feed | Provocateur Hotel --><br \/>\n<script src=\"https:\/\/static.elfsight.com\/platform\/platform.js\" async=\"\"><\/script><\/p>\n<div class=\"elfsight-app-fc30780c-cdbe-4057-b1a5-a37af0f39b72\" data-elfsight-app-lazy=\"\"><\/div>\n<\/div>\n<p>[\/vc_column_text][\/vc_column][\/vc_row]<\/p>\n<\/div>","protected":false},"excerpt":{"rendered":"<p>[vc_row][vc_column width=&#8220;2\/3&#8243;][vc_single_image image=&#8220;909&#8243; img_size=&#8220;medium&#8220; alignment=&#8220;center&#8220;][\/vc_column][vc_column width=&#8220;1\/3&#8243; el_class=&#8220;teaser-right&#8220;][vc_column_text css=&#8220;&#8220;] Ein Hauch von Glamour in jedem Raum Stellen Sie sich vor: roter und blauer Samt, dramatische Kronleuchter, freistehende Badewannen mit L\u00f6wenf\u00fc\u00dfen. Jedes Detail l\u00e4dt dazu ein, dem Alltag zu entfliehen \u2013 und in eine Welt voller Sinnlichkeit und Stil einzutauchen. JETZT ENTDECKEN [\/vc_column_text][\/vc_column][\/vc_row][vc_row el_class=&#8220;teaser-mobile&#8220;][vc_column width=&#8220;1\/3&#8243;][vc_column_text css=&#8220;&#8220;] Sip, [&hellip;]<\/p>\n","protected":false},"author":1,"featured_media":7072,"parent":0,"menu_order":28,"comment_status":"closed","ping_status":"closed","template":"","meta":{"_acf_changed":false,"footnotes":""},"class_list":["post-78","page","type-page","status-publish","has-post-thumbnail","hentry"],"acf":[],"yoast_head":"<!-- This site is optimized with the Yoast SEO plugin v27.4 - https:\/\/yoast.com\/product\/yoast-seo-wordpress\/ -->\n<title>Provocateur Hotel Berlin, teil von Sircle Collection<\/title>\n<meta name=\"description\" content=\"Glamour\u00f6s. Dekadent. Spielerisch. Das Provocateur Hotel mit 58 Zimmern, und Bar liegt zentral in Berlin nahe des Ku&#039;damms.\" \/>\n<meta name=\"robots\" content=\"index, follow, max-snippet:-1, max-image-preview:large, max-video-preview:-1\" \/>\n<link rel=\"canonical\" href=\"https:\/\/www.provocateur-hotel.com\/de\/\" \/>\n<meta property=\"og:locale\" content=\"de_DE\" \/>\n<meta property=\"og:type\" content=\"article\" \/>\n<meta property=\"og:title\" content=\"Provocateur Hotel Berlin, teil von Sircle Collection\" \/>\n<meta property=\"og:description\" content=\"Glamour\u00f6s. Dekadent. Spielerisch. Das Provocateur Hotel mit 58 Zimmern, Restaurant und Bar liegt zentral in Berlin nahe des Ku&#039;damms.\" \/>\n<meta property=\"og:url\" content=\"https:\/\/www.provocateur-hotel.com\/de\/\" \/>\n<meta property=\"og:site_name\" content=\"Provocateur Hotel Berlin\" \/>\n<meta property=\"article:publisher\" content=\"https:\/\/www.facebook.com\/provocateurhotel\/\" \/>\n<meta property=\"article:modified_time\" content=\"2026-04-01T09:18:32+00:00\" \/>\n<meta property=\"og:image\" content=\"https:\/\/www.provocateur-hotel.com\/wp-content\/uploads\/2025\/05\/provocateur-hotel-berlin-deluxe-room-04-2.jpg\" \/>\n\t<meta property=\"og:image:width\" content=\"5118\" \/>\n\t<meta property=\"og:image:height\" content=\"3401\" \/>\n\t<meta property=\"og:image:type\" content=\"image\/jpeg\" \/>\n<meta name=\"twitter:card\" content=\"summary_large_image\" \/>\n<meta name=\"twitter:label1\" content=\"Gesch\u00e4tzte Lesezeit\" \/>\n\t<meta name=\"twitter:data1\" content=\"3\u00a0Minuten\" \/>\n<script type=\"application\/ld+json\" class=\"yoast-schema-graph\">{\"@context\":\"https:\\\/\\\/schema.org\",\"@graph\":[{\"@type\":\"WebPage\",\"@id\":\"https:\\\/\\\/www.provocateur-hotel.com\\\/de\\\/\",\"url\":\"https:\\\/\\\/www.provocateur-hotel.com\\\/de\\\/\",\"name\":\"Provocateur Hotel Berlin, teil von Sircle Collection\",\"isPartOf\":{\"@id\":\"https:\\\/\\\/www.provocateur-hotel.com\\\/de\\\/#website\"},\"primaryImageOfPage\":{\"@id\":\"https:\\\/\\\/www.provocateur-hotel.com\\\/de\\\/#primaryimage\"},\"image\":{\"@id\":\"https:\\\/\\\/www.provocateur-hotel.com\\\/de\\\/#primaryimage\"},\"thumbnailUrl\":\"https:\\\/\\\/www.provocateur-hotel.com\\\/wp-content\\\/uploads\\\/2025\\\/05\\\/provocateur-hotel-berlin-deluxe-room-04-2.jpg\",\"datePublished\":\"2017-02-01T02:51:54+00:00\",\"dateModified\":\"2026-04-01T09:18:32+00:00\",\"description\":\"Glamour\u00f6s. Dekadent. Spielerisch. Das Provocateur Hotel mit 58 Zimmern, und Bar liegt zentral in Berlin nahe des Ku'damms.\",\"breadcrumb\":{\"@id\":\"https:\\\/\\\/www.provocateur-hotel.com\\\/de\\\/#breadcrumb\"},\"inLanguage\":\"de\",\"potentialAction\":[{\"@type\":\"ReadAction\",\"target\":[\"https:\\\/\\\/www.provocateur-hotel.com\\\/de\\\/\"]}]},{\"@type\":\"ImageObject\",\"inLanguage\":\"de\",\"@id\":\"https:\\\/\\\/www.provocateur-hotel.com\\\/de\\\/#primaryimage\",\"url\":\"https:\\\/\\\/www.provocateur-hotel.com\\\/wp-content\\\/uploads\\\/2025\\\/05\\\/provocateur-hotel-berlin-deluxe-room-04-2.jpg\",\"contentUrl\":\"https:\\\/\\\/www.provocateur-hotel.com\\\/wp-content\\\/uploads\\\/2025\\\/05\\\/provocateur-hotel-berlin-deluxe-room-04-2.jpg\",\"width\":5118,\"height\":3401},{\"@type\":\"BreadcrumbList\",\"@id\":\"https:\\\/\\\/www.provocateur-hotel.com\\\/de\\\/#breadcrumb\",\"itemListElement\":[{\"@type\":\"ListItem\",\"position\":1,\"name\":\"Startseite\",\"item\":\"https:\\\/\\\/www.provocateur-hotel.com\\\/de\\\/\"},{\"@type\":\"ListItem\",\"position\":2,\"name\":\"Homepage\"}]},{\"@type\":\"WebSite\",\"@id\":\"https:\\\/\\\/www.provocateur-hotel.com\\\/de\\\/#website\",\"url\":\"https:\\\/\\\/www.provocateur-hotel.com\\\/de\\\/\",\"name\":\"Provocateur Hotel Berlin\",\"description\":\"\",\"potentialAction\":[{\"@type\":\"SearchAction\",\"target\":{\"@type\":\"EntryPoint\",\"urlTemplate\":\"https:\\\/\\\/www.provocateur-hotel.com\\\/de\\\/?s={search_term_string}\"},\"query-input\":{\"@type\":\"PropertyValueSpecification\",\"valueRequired\":true,\"valueName\":\"search_term_string\"}}],\"inLanguage\":\"de\"}]}<\/script>\n<!-- \/ Yoast SEO plugin. -->","yoast_head_json":{"title":"Provocateur Hotel Berlin, teil von Sircle Collection","description":"Glamour\u00f6s. Dekadent. Spielerisch. Das Provocateur Hotel mit 58 Zimmern, und Bar liegt zentral in Berlin nahe des Ku'damms.","robots":{"index":"index","follow":"follow","max-snippet":"max-snippet:-1","max-image-preview":"max-image-preview:large","max-video-preview":"max-video-preview:-1"},"canonical":"https:\/\/www.provocateur-hotel.com\/de\/","og_locale":"de_DE","og_type":"article","og_title":"Provocateur Hotel Berlin, teil von Sircle Collection","og_description":"Glamour\u00f6s. Dekadent. Spielerisch. Das Provocateur Hotel mit 58 Zimmern, Restaurant und Bar liegt zentral in Berlin nahe des Ku'damms.","og_url":"https:\/\/www.provocateur-hotel.com\/de\/","og_site_name":"Provocateur Hotel Berlin","article_publisher":"https:\/\/www.facebook.com\/provocateurhotel\/","article_modified_time":"2026-04-01T09:18:32+00:00","og_image":[{"width":5118,"height":3401,"url":"https:\/\/www.provocateur-hotel.com\/wp-content\/uploads\/2025\/05\/provocateur-hotel-berlin-deluxe-room-04-2.jpg","type":"image\/jpeg"}],"twitter_card":"summary_large_image","twitter_misc":{"Gesch\u00e4tzte Lesezeit":"3\u00a0Minuten"},"schema":{"@context":"https:\/\/schema.org","@graph":[{"@type":"WebPage","@id":"https:\/\/www.provocateur-hotel.com\/de\/","url":"https:\/\/www.provocateur-hotel.com\/de\/","name":"Provocateur Hotel Berlin, teil von Sircle Collection","isPartOf":{"@id":"https:\/\/www.provocateur-hotel.com\/de\/#website"},"primaryImageOfPage":{"@id":"https:\/\/www.provocateur-hotel.com\/de\/#primaryimage"},"image":{"@id":"https:\/\/www.provocateur-hotel.com\/de\/#primaryimage"},"thumbnailUrl":"https:\/\/www.provocateur-hotel.com\/wp-content\/uploads\/2025\/05\/provocateur-hotel-berlin-deluxe-room-04-2.jpg","datePublished":"2017-02-01T02:51:54+00:00","dateModified":"2026-04-01T09:18:32+00:00","description":"Glamour\u00f6s. Dekadent. Spielerisch. Das Provocateur Hotel mit 58 Zimmern, und Bar liegt zentral in Berlin nahe des Ku'damms.","breadcrumb":{"@id":"https:\/\/www.provocateur-hotel.com\/de\/#breadcrumb"},"inLanguage":"de","potentialAction":[{"@type":"ReadAction","target":["https:\/\/www.provocateur-hotel.com\/de\/"]}]},{"@type":"ImageObject","inLanguage":"de","@id":"https:\/\/www.provocateur-hotel.com\/de\/#primaryimage","url":"https:\/\/www.provocateur-hotel.com\/wp-content\/uploads\/2025\/05\/provocateur-hotel-berlin-deluxe-room-04-2.jpg","contentUrl":"https:\/\/www.provocateur-hotel.com\/wp-content\/uploads\/2025\/05\/provocateur-hotel-berlin-deluxe-room-04-2.jpg","width":5118,"height":3401},{"@type":"BreadcrumbList","@id":"https:\/\/www.provocateur-hotel.com\/de\/#breadcrumb","itemListElement":[{"@type":"ListItem","position":1,"name":"Startseite","item":"https:\/\/www.provocateur-hotel.com\/de\/"},{"@type":"ListItem","position":2,"name":"Homepage"}]},{"@type":"WebSite","@id":"https:\/\/www.provocateur-hotel.com\/de\/#website","url":"https:\/\/www.provocateur-hotel.com\/de\/","name":"Provocateur Hotel Berlin","description":"","potentialAction":[{"@type":"SearchAction","target":{"@type":"EntryPoint","urlTemplate":"https:\/\/www.provocateur-hotel.com\/de\/?s={search_term_string}"},"query-input":{"@type":"PropertyValueSpecification","valueRequired":true,"valueName":"search_term_string"}}],"inLanguage":"de"}]}},"_links":{"self":[{"href":"https:\/\/www.provocateur-hotel.com\/de\/wp-json\/wp\/v2\/pages\/78","targetHints":{"allow":["GET"]}}],"collection":[{"href":"https:\/\/www.provocateur-hotel.com\/de\/wp-json\/wp\/v2\/pages"}],"about":[{"href":"https:\/\/www.provocateur-hotel.com\/de\/wp-json\/wp\/v2\/types\/page"}],"author":[{"embeddable":true,"href":"https:\/\/www.provocateur-hotel.com\/de\/wp-json\/wp\/v2\/users\/1"}],"replies":[{"embeddable":true,"href":"https:\/\/www.provocateur-hotel.com\/de\/wp-json\/wp\/v2\/comments?post=78"}],"version-history":[{"count":92,"href":"https:\/\/www.provocateur-hotel.com\/de\/wp-json\/wp\/v2\/pages\/78\/revisions"}],"predecessor-version":[{"id":7578,"href":"https:\/\/www.provocateur-hotel.com\/de\/wp-json\/wp\/v2\/pages\/78\/revisions\/7578"}],"wp:featuredmedia":[{"embeddable":true,"href":"https:\/\/www.provocateur-hotel.com\/de\/wp-json\/wp\/v2\/media\/7072"}],"wp:attachment":[{"href":"https:\/\/www.provocateur-hotel.com\/de\/wp-json\/wp\/v2\/media?parent=78"}],"curies":[{"name":"wp","href":"https:\/\/api.w.org\/{rel}","templated":true}]}}